{"id":2884,"date":"2023-09-15T09:23:58","date_gmt":"2023-09-15T09:23:58","guid":{"rendered":"https:\/\/hetvishuis.be\/product\/deluxe-paket\/"},"modified":"2025-10-21T10:51:42","modified_gmt":"2025-10-21T10:51:42","slug":"deluxe-paket","status":"publish","type":"product","link":"https:\/\/hetvishuis.be\/de\/produkt\/deluxe-paket\/","title":{"rendered":"Deluxe-Paket"},"content":{"rendered":"<p>Die perfekte Balance aus salzig und s\u00fc\u00df in einer wundersch\u00f6nen Geschenkbox. Dieses Fertigpaket enth\u00e4lt ein kaltger\u00e4uchertes Wasabi\/Nori-Lachsfilet mit Blattgold, eine Deluxe-Sushi-Platte und eine 100-ml-Flasche Tomasu-Sojasauce \u2013 alles pr\u00e4sentiert in einer luxuri\u00f6sen Holzbox. Tomasu-Sojasauce wird in den Niederlanden hergestellt. Nach mindestens 24 Monaten Fermentierung in alten Eichenf\u00e4ssern ist sie bereit zur Abf\u00fcllung. Kombinieren Sie dazu das mit Wasabi marinierte und mit Nori garnierte Lachsfilet f\u00fcr das ultimative Geschmackserlebnis.<\/p>\n","protected":false},"excerpt":{"rendered":"<p>Die perfekte Balance aus salzig und s\u00fc\u00df in einer wundersch\u00f6nen Geschenkbox. Dieses Fertigpaket enth\u00e4lt ein kaltger\u00e4uchertes Wasabi\/Nori-Lachsfilet mit Blattgold, eine Deluxe-Sushi-Platte und eine 100-ml-Flasche Tomasu-Sojasauce \u2013 alles pr\u00e4sentiert in einer luxuri\u00f6sen Holzbox. Tomasu-Sojasauce wird in den Niederlanden hergestellt. Nach mindestens 24 Monaten Fermentierung in alten Eichenf\u00e4ssern ist sie bereit zur Abf\u00fcllung. Kombinieren Sie dazu das [&hellip;]<\/p>\n","protected":false},"featured_media":2307,"comment_status":"closed","ping_status":"closed","template":"","meta":{"_acf_changed":false},"product_brand":[],"product_cat":[103],"product_tag":[],"class_list":{"0":"post-2884","1":"product","2":"type-product","3":"status-publish","4":"has-post-thumbnail","6":"product_cat-pakketten","8":"first","9":"outofstock","10":"taxable","11":"shipping-taxable","12":"purchasable","13":"product-type-simple"},"acf":[],"yoast_head":"<!-- This site is optimized with the Yoast SEO plugin v27.3 - https:\/\/yoast.com\/product\/yoast-seo-wordpress\/ -->\n<title>Deluxe-Paket | Het Vishuis<\/title>\n<meta name=\"robots\" content=\"index, follow, max-snippet:-1, max-image-preview:large, max-video-preview:-1\" \/>\n<link rel=\"canonical\" href=\"https:\/\/hetvishuis.be\/de\/produkt\/deluxe-paket\/\" \/>\n<meta property=\"og:locale\" content=\"de_DE\" \/>\n<meta property=\"og:type\" content=\"article\" \/>\n<meta property=\"og:title\" content=\"Deluxe-Paket | Het Vishuis\" \/>\n<meta property=\"og:description\" content=\"Die perfekte Balance aus salzig und s\u00fc\u00df in einer wundersch\u00f6nen Geschenkbox. Dieses Fertigpaket enth\u00e4lt ein kaltger\u00e4uchertes Wasabi\/Nori-Lachsfilet mit Blattgold, eine Deluxe-Sushi-Platte und eine 100-ml-Flasche Tomasu-Sojasauce \u2013 alles pr\u00e4sentiert in einer luxuri\u00f6sen Holzbox. Tomasu-Sojasauce wird in den Niederlanden hergestellt. Nach mindestens 24 Monaten Fermentierung in alten Eichenf\u00e4ssern ist sie bereit zur Abf\u00fcllung. Kombinieren Sie dazu das [&hellip;]\" \/>\n<meta property=\"og:url\" content=\"https:\/\/hetvishuis.be\/de\/produkt\/deluxe-paket\/\" \/>\n<meta property=\"og:site_name\" content=\"Het Vishuis\" \/>\n<meta property=\"article:publisher\" content=\"https:\/\/www.facebook.com\/hetvishuisbelgium\" \/>\n<meta property=\"article:modified_time\" content=\"2025-10-21T10:51:42+00:00\" \/>\n<meta property=\"og:image\" content=\"https:\/\/hetvishuis.be\/wp-content\/uploads\/2023\/09\/deluxe-pakket-2.webp\" \/>\n\t<meta property=\"og:image:width\" content=\"1000\" \/>\n\t<meta property=\"og:image:height\" content=\"1000\" \/>\n\t<meta property=\"og:image:type\" content=\"image\/webp\" \/>\n<meta name=\"twitter:card\" content=\"summary_large_image\" \/>\n<script type=\"application\/ld+json\" class=\"yoast-schema-graph\">{\"@context\":\"https:\\\/\\\/schema.org\",\"@graph\":[{\"@type\":\"WebPage\",\"@id\":\"https:\\\/\\\/hetvishuis.be\\\/de\\\/produkt\\\/deluxe-paket\\\/\",\"url\":\"https:\\\/\\\/hetvishuis.be\\\/de\\\/produkt\\\/deluxe-paket\\\/\",\"name\":\"Deluxe-Paket | Het Vishuis\",\"isPartOf\":{\"@id\":\"https:\\\/\\\/hetvishuis.be\\\/#website\"},\"primaryImageOfPage\":{\"@id\":\"https:\\\/\\\/hetvishuis.be\\\/de\\\/produkt\\\/deluxe-paket\\\/#primaryimage\"},\"image\":{\"@id\":\"https:\\\/\\\/hetvishuis.be\\\/de\\\/produkt\\\/deluxe-paket\\\/#primaryimage\"},\"thumbnailUrl\":\"https:\\\/\\\/hetvishuis.be\\\/wp-content\\\/uploads\\\/2023\\\/09\\\/deluxe-pakket-2.webp\",\"datePublished\":\"2023-09-15T09:23:58+00:00\",\"dateModified\":\"2025-10-21T10:51:42+00:00\",\"breadcrumb\":{\"@id\":\"https:\\\/\\\/hetvishuis.be\\\/de\\\/produkt\\\/deluxe-paket\\\/#breadcrumb\"},\"inLanguage\":\"de\",\"potentialAction\":[{\"@type\":\"ReadAction\",\"target\":[\"https:\\\/\\\/hetvishuis.be\\\/de\\\/produkt\\\/deluxe-paket\\\/\"]}]},{\"@type\":\"ImageObject\",\"inLanguage\":\"de\",\"@id\":\"https:\\\/\\\/hetvishuis.be\\\/de\\\/produkt\\\/deluxe-paket\\\/#primaryimage\",\"url\":\"https:\\\/\\\/hetvishuis.be\\\/wp-content\\\/uploads\\\/2023\\\/09\\\/deluxe-pakket-2.webp\",\"contentUrl\":\"https:\\\/\\\/hetvishuis.be\\\/wp-content\\\/uploads\\\/2023\\\/09\\\/deluxe-pakket-2.webp\",\"width\":1000,\"height\":1000},{\"@type\":\"BreadcrumbList\",\"@id\":\"https:\\\/\\\/hetvishuis.be\\\/de\\\/produkt\\\/deluxe-paket\\\/#breadcrumb\",\"itemListElement\":[{\"@type\":\"ListItem\",\"position\":1,\"name\":\"Home\",\"item\":\"https:\\\/\\\/hetvishuis.be\\\/de\\\/home\\\/\"},{\"@type\":\"ListItem\",\"position\":2,\"name\":\"Shop placeholder\",\"item\":\"https:\\\/\\\/hetvishuis.be\\\/de\\\/shop-placeholder\\\/\"},{\"@type\":\"ListItem\",\"position\":3,\"name\":\"Deluxe-Paket\"}]},{\"@type\":\"WebSite\",\"@id\":\"https:\\\/\\\/hetvishuis.be\\\/#website\",\"url\":\"https:\\\/\\\/hetvishuis.be\\\/\",\"name\":\"Het Vishuis\",\"description\":\"\",\"publisher\":{\"@id\":\"https:\\\/\\\/hetvishuis.be\\\/#organization\"},\"potentialAction\":[{\"@type\":\"SearchAction\",\"target\":{\"@type\":\"EntryPoint\",\"urlTemplate\":\"https:\\\/\\\/hetvishuis.be\\\/?s={search_term_string}\"},\"query-input\":{\"@type\":\"PropertyValueSpecification\",\"valueRequired\":true,\"valueName\":\"search_term_string\"}}],\"inLanguage\":\"de\"},{\"@type\":\"Organization\",\"@id\":\"https:\\\/\\\/hetvishuis.be\\\/#organization\",\"name\":\"Het Vishuis\",\"url\":\"https:\\\/\\\/hetvishuis.be\\\/\",\"logo\":{\"@type\":\"ImageObject\",\"inLanguage\":\"de\",\"@id\":\"https:\\\/\\\/hetvishuis.be\\\/#\\\/schema\\\/logo\\\/image\\\/\",\"url\":\"https:\\\/\\\/hetvishuis.be\\\/wp-content\\\/uploads\\\/2022\\\/09\\\/het-vishuis-logo-nw.svg\",\"contentUrl\":\"https:\\\/\\\/hetvishuis.be\\\/wp-content\\\/uploads\\\/2022\\\/09\\\/het-vishuis-logo-nw.svg\",\"width\":512,\"height\":512,\"caption\":\"Het Vishuis\"},\"image\":{\"@id\":\"https:\\\/\\\/hetvishuis.be\\\/#\\\/schema\\\/logo\\\/image\\\/\"},\"sameAs\":[\"https:\\\/\\\/www.facebook.com\\\/hetvishuisbelgium\"]}]}<\/script>\n<!-- \/ Yoast SEO plugin. -->","yoast_head_json":{"title":"Deluxe-Paket | Het Vishuis","robots":{"index":"index","follow":"follow","max-snippet":"max-snippet:-1","max-image-preview":"max-image-preview:large","max-video-preview":"max-video-preview:-1"},"canonical":"https:\/\/hetvishuis.be\/de\/produkt\/deluxe-paket\/","og_locale":"de_DE","og_type":"article","og_title":"Deluxe-Paket | Het Vishuis","og_description":"Die perfekte Balance aus salzig und s\u00fc\u00df in einer wundersch\u00f6nen Geschenkbox. Dieses Fertigpaket enth\u00e4lt ein kaltger\u00e4uchertes Wasabi\/Nori-Lachsfilet mit Blattgold, eine Deluxe-Sushi-Platte und eine 100-ml-Flasche Tomasu-Sojasauce \u2013 alles pr\u00e4sentiert in einer luxuri\u00f6sen Holzbox. Tomasu-Sojasauce wird in den Niederlanden hergestellt. Nach mindestens 24 Monaten Fermentierung in alten Eichenf\u00e4ssern ist sie bereit zur Abf\u00fcllung. Kombinieren Sie dazu das [&hellip;]","og_url":"https:\/\/hetvishuis.be\/de\/produkt\/deluxe-paket\/","og_site_name":"Het Vishuis","article_publisher":"https:\/\/www.facebook.com\/hetvishuisbelgium","article_modified_time":"2025-10-21T10:51:42+00:00","og_image":[{"width":1000,"height":1000,"url":"https:\/\/hetvishuis.be\/wp-content\/uploads\/2023\/09\/deluxe-pakket-2.webp","type":"image\/webp"}],"twitter_card":"summary_large_image","schema":{"@context":"https:\/\/schema.org","@graph":[{"@type":"WebPage","@id":"https:\/\/hetvishuis.be\/de\/produkt\/deluxe-paket\/","url":"https:\/\/hetvishuis.be\/de\/produkt\/deluxe-paket\/","name":"Deluxe-Paket | Het Vishuis","isPartOf":{"@id":"https:\/\/hetvishuis.be\/#website"},"primaryImageOfPage":{"@id":"https:\/\/hetvishuis.be\/de\/produkt\/deluxe-paket\/#primaryimage"},"image":{"@id":"https:\/\/hetvishuis.be\/de\/produkt\/deluxe-paket\/#primaryimage"},"thumbnailUrl":"https:\/\/hetvishuis.be\/wp-content\/uploads\/2023\/09\/deluxe-pakket-2.webp","datePublished":"2023-09-15T09:23:58+00:00","dateModified":"2025-10-21T10:51:42+00:00","breadcrumb":{"@id":"https:\/\/hetvishuis.be\/de\/produkt\/deluxe-paket\/#breadcrumb"},"inLanguage":"de","potentialAction":[{"@type":"ReadAction","target":["https:\/\/hetvishuis.be\/de\/produkt\/deluxe-paket\/"]}]},{"@type":"ImageObject","inLanguage":"de","@id":"https:\/\/hetvishuis.be\/de\/produkt\/deluxe-paket\/#primaryimage","url":"https:\/\/hetvishuis.be\/wp-content\/uploads\/2023\/09\/deluxe-pakket-2.webp","contentUrl":"https:\/\/hetvishuis.be\/wp-content\/uploads\/2023\/09\/deluxe-pakket-2.webp","width":1000,"height":1000},{"@type":"BreadcrumbList","@id":"https:\/\/hetvishuis.be\/de\/produkt\/deluxe-paket\/#breadcrumb","itemListElement":[{"@type":"ListItem","position":1,"name":"Home","item":"https:\/\/hetvishuis.be\/de\/home\/"},{"@type":"ListItem","position":2,"name":"Shop placeholder","item":"https:\/\/hetvishuis.be\/de\/shop-placeholder\/"},{"@type":"ListItem","position":3,"name":"Deluxe-Paket"}]},{"@type":"WebSite","@id":"https:\/\/hetvishuis.be\/#website","url":"https:\/\/hetvishuis.be\/","name":"Het Vishuis","description":"","publisher":{"@id":"https:\/\/hetvishuis.be\/#organization"},"potentialAction":[{"@type":"SearchAction","target":{"@type":"EntryPoint","urlTemplate":"https:\/\/hetvishuis.be\/?s={search_term_string}"},"query-input":{"@type":"PropertyValueSpecification","valueRequired":true,"valueName":"search_term_string"}}],"inLanguage":"de"},{"@type":"Organization","@id":"https:\/\/hetvishuis.be\/#organization","name":"Het Vishuis","url":"https:\/\/hetvishuis.be\/","logo":{"@type":"ImageObject","inLanguage":"de","@id":"https:\/\/hetvishuis.be\/#\/schema\/logo\/image\/","url":"https:\/\/hetvishuis.be\/wp-content\/uploads\/2022\/09\/het-vishuis-logo-nw.svg","contentUrl":"https:\/\/hetvishuis.be\/wp-content\/uploads\/2022\/09\/het-vishuis-logo-nw.svg","width":512,"height":512,"caption":"Het Vishuis"},"image":{"@id":"https:\/\/hetvishuis.be\/#\/schema\/logo\/image\/"},"sameAs":["https:\/\/www.facebook.com\/hetvishuisbelgium"]}]}},"_links":{"self":[{"href":"https:\/\/hetvishuis.be\/de\/wp-json\/wp\/v2\/product\/2884","targetHints":{"allow":["GET"]}}],"collection":[{"href":"https:\/\/hetvishuis.be\/de\/wp-json\/wp\/v2\/product"}],"about":[{"href":"https:\/\/hetvishuis.be\/de\/wp-json\/wp\/v2\/types\/product"}],"replies":[{"embeddable":true,"href":"https:\/\/hetvishuis.be\/de\/wp-json\/wp\/v2\/comments?post=2884"}],"wp:featuredmedia":[{"embeddable":true,"href":"https:\/\/hetvishuis.be\/de\/wp-json\/wp\/v2\/media\/2307"}],"wp:attachment":[{"href":"https:\/\/hetvishuis.be\/de\/wp-json\/wp\/v2\/media?parent=2884"}],"wp:term":[{"taxonomy":"product_brand","embeddable":true,"href":"https:\/\/hetvishuis.be\/de\/wp-json\/wp\/v2\/product_brand?post=2884"},{"taxonomy":"product_cat","embeddable":true,"href":"https:\/\/hetvishuis.be\/de\/wp-json\/wp\/v2\/product_cat?post=2884"},{"taxonomy":"product_tag","embeddable":true,"href":"https:\/\/hetvishuis.be\/de\/wp-json\/wp\/v2\/product_tag?post=2884"}],"curies":[{"name":"wp","href":"https:\/\/api.w.org\/{rel}","templated":true}]}}