{"id":1879,"date":"2022-11-14T12:23:02","date_gmt":"2022-11-14T12:23:02","guid":{"rendered":"https:\/\/hetvishuis.be\/product\/warmgeraeucherter-norwegischer-lachs\/"},"modified":"2024-04-19T12:57:45","modified_gmt":"2024-04-19T12:57:45","slug":"leichtgeraucherter-norwegischer-lachs","status":"publish","type":"product","link":"https:\/\/hetvishuis.be\/de\/produkt\/leichtgeraucherter-norwegischer-lachs\/","title":{"rendered":"Leichtger\u00e4ucherter norwegischer Lachs"},"content":{"rendered":"<p>Warmger\u00e4ucherter Lachs geh\u00f6rt in den meisten Fischgesch\u00e4ften zu den Klassikern. Die Seiten werden \u00fcber mehrere Stunden bearbeitet und anschlie\u00dfend bei hoher Temperatur ger\u00e4uchert. Das Ergebnis ist ein butterweicher Lachs mit einer festen, aromatischen Au\u00dfenseite.<\/p>\n","protected":false},"excerpt":{"rendered":"<p>Warmger\u00e4ucherter Lachs geh\u00f6rt in den meisten Fischgesch\u00e4ften zu den Klassikern. Die Seiten werden \u00fcber mehrere Stunden bearbeitet und anschlie\u00dfend bei hoher Temperatur ger\u00e4uchert. Das Ergebnis ist ein butterweicher Lachs mit einer festen, aromatischen Au\u00dfenseite.<\/p>\n","protected":false},"featured_media":1815,"comment_status":"closed","ping_status":"closed","template":"","meta":{"_acf_changed":false},"product_brand":[],"product_cat":[61],"product_tag":[],"class_list":{"0":"post-1879","1":"product","2":"type-product","3":"status-publish","4":"has-post-thumbnail","6":"product_cat-fisch","7":"product_shipping_class-nur-zur-abholung-im-geschaft-erhaltlich","9":"first","10":"instock","11":"taxable","12":"shipping-taxable","13":"purchasable","14":"product-type-variable"},"acf":[],"yoast_head":"<!-- This site is optimized with the Yoast SEO plugin v27.3 - https:\/\/yoast.com\/product\/yoast-seo-wordpress\/ -->\n<title>Leichtger\u00e4ucherter norwegischer Lachs | Het Vishuis<\/title>\n<meta name=\"robots\" content=\"index, follow, max-snippet:-1, max-image-preview:large, max-video-preview:-1\" \/>\n<link rel=\"canonical\" href=\"https:\/\/hetvishuis.be\/de\/produkt\/leichtgeraucherter-norwegischer-lachs\/\" \/>\n<meta property=\"og:locale\" content=\"de_DE\" \/>\n<meta property=\"og:type\" content=\"article\" \/>\n<meta property=\"og:title\" content=\"Leichtger\u00e4ucherter norwegischer Lachs | Het Vishuis\" \/>\n<meta property=\"og:description\" content=\"Warmger\u00e4ucherter Lachs geh\u00f6rt in den meisten Fischgesch\u00e4ften zu den Klassikern. Die Seiten werden \u00fcber mehrere Stunden bearbeitet und anschlie\u00dfend bei hoher Temperatur ger\u00e4uchert. Das Ergebnis ist ein butterweicher Lachs mit einer festen, aromatischen Au\u00dfenseite.\" \/>\n<meta property=\"og:url\" content=\"https:\/\/hetvishuis.be\/de\/produkt\/leichtgeraucherter-norwegischer-lachs\/\" \/>\n<meta property=\"og:site_name\" content=\"Het Vishuis\" \/>\n<meta property=\"article:publisher\" content=\"https:\/\/www.facebook.com\/hetvishuisbelgium\" \/>\n<meta property=\"article:modified_time\" content=\"2024-04-19T12:57:45+00:00\" \/>\n<meta property=\"og:image\" content=\"https:\/\/hetvishuis.be\/wp-content\/uploads\/2022\/11\/warm-gerookte-noorse-zalm.webp\" \/>\n\t<meta property=\"og:image:width\" content=\"1000\" \/>\n\t<meta property=\"og:image:height\" content=\"1000\" \/>\n\t<meta property=\"og:image:type\" content=\"image\/webp\" \/>\n<meta name=\"twitter:card\" content=\"summary_large_image\" \/>\n<meta name=\"twitter:label1\" content=\"Gesch\u00e4tzte Lesezeit\" \/>\n\t<meta name=\"twitter:data1\" content=\"1\u00a0Minute\" \/>\n<script type=\"application\/ld+json\" class=\"yoast-schema-graph\">{\"@context\":\"https:\\\/\\\/schema.org\",\"@graph\":[{\"@type\":\"WebPage\",\"@id\":\"https:\\\/\\\/hetvishuis.be\\\/de\\\/produkt\\\/leichtgeraucherter-norwegischer-lachs\\\/\",\"url\":\"https:\\\/\\\/hetvishuis.be\\\/de\\\/produkt\\\/leichtgeraucherter-norwegischer-lachs\\\/\",\"name\":\"Leichtger\u00e4ucherter norwegischer Lachs | Het Vishuis\",\"isPartOf\":{\"@id\":\"https:\\\/\\\/hetvishuis.be\\\/#website\"},\"primaryImageOfPage\":{\"@id\":\"https:\\\/\\\/hetvishuis.be\\\/de\\\/produkt\\\/leichtgeraucherter-norwegischer-lachs\\\/#primaryimage\"},\"image\":{\"@id\":\"https:\\\/\\\/hetvishuis.be\\\/de\\\/produkt\\\/leichtgeraucherter-norwegischer-lachs\\\/#primaryimage\"},\"thumbnailUrl\":\"https:\\\/\\\/hetvishuis.be\\\/wp-content\\\/uploads\\\/2022\\\/11\\\/warm-gerookte-noorse-zalm.webp\",\"datePublished\":\"2022-11-14T12:23:02+00:00\",\"dateModified\":\"2024-04-19T12:57:45+00:00\",\"breadcrumb\":{\"@id\":\"https:\\\/\\\/hetvishuis.be\\\/de\\\/produkt\\\/leichtgeraucherter-norwegischer-lachs\\\/#breadcrumb\"},\"inLanguage\":\"de\",\"potentialAction\":[{\"@type\":\"ReadAction\",\"target\":[\"https:\\\/\\\/hetvishuis.be\\\/de\\\/produkt\\\/leichtgeraucherter-norwegischer-lachs\\\/\"]}]},{\"@type\":\"ImageObject\",\"inLanguage\":\"de\",\"@id\":\"https:\\\/\\\/hetvishuis.be\\\/de\\\/produkt\\\/leichtgeraucherter-norwegischer-lachs\\\/#primaryimage\",\"url\":\"https:\\\/\\\/hetvishuis.be\\\/wp-content\\\/uploads\\\/2022\\\/11\\\/warm-gerookte-noorse-zalm.webp\",\"contentUrl\":\"https:\\\/\\\/hetvishuis.be\\\/wp-content\\\/uploads\\\/2022\\\/11\\\/warm-gerookte-noorse-zalm.webp\",\"width\":1000,\"height\":1000},{\"@type\":\"BreadcrumbList\",\"@id\":\"https:\\\/\\\/hetvishuis.be\\\/de\\\/produkt\\\/leichtgeraucherter-norwegischer-lachs\\\/#breadcrumb\",\"itemListElement\":[{\"@type\":\"ListItem\",\"position\":1,\"name\":\"Home\",\"item\":\"https:\\\/\\\/hetvishuis.be\\\/de\\\/home\\\/\"},{\"@type\":\"ListItem\",\"position\":2,\"name\":\"Shop placeholder\",\"item\":\"https:\\\/\\\/hetvishuis.be\\\/de\\\/shop-placeholder\\\/\"},{\"@type\":\"ListItem\",\"position\":3,\"name\":\"Leichtger\u00e4ucherter norwegischer Lachs\"}]},{\"@type\":\"WebSite\",\"@id\":\"https:\\\/\\\/hetvishuis.be\\\/#website\",\"url\":\"https:\\\/\\\/hetvishuis.be\\\/\",\"name\":\"Het Vishuis\",\"description\":\"\",\"publisher\":{\"@id\":\"https:\\\/\\\/hetvishuis.be\\\/#organization\"},\"potentialAction\":[{\"@type\":\"SearchAction\",\"target\":{\"@type\":\"EntryPoint\",\"urlTemplate\":\"https:\\\/\\\/hetvishuis.be\\\/?s={search_term_string}\"},\"query-input\":{\"@type\":\"PropertyValueSpecification\",\"valueRequired\":true,\"valueName\":\"search_term_string\"}}],\"inLanguage\":\"de\"},{\"@type\":\"Organization\",\"@id\":\"https:\\\/\\\/hetvishuis.be\\\/#organization\",\"name\":\"Het Vishuis\",\"url\":\"https:\\\/\\\/hetvishuis.be\\\/\",\"logo\":{\"@type\":\"ImageObject\",\"inLanguage\":\"de\",\"@id\":\"https:\\\/\\\/hetvishuis.be\\\/#\\\/schema\\\/logo\\\/image\\\/\",\"url\":\"https:\\\/\\\/hetvishuis.be\\\/wp-content\\\/uploads\\\/2022\\\/09\\\/het-vishuis-logo-nw.svg\",\"contentUrl\":\"https:\\\/\\\/hetvishuis.be\\\/wp-content\\\/uploads\\\/2022\\\/09\\\/het-vishuis-logo-nw.svg\",\"width\":512,\"height\":512,\"caption\":\"Het Vishuis\"},\"image\":{\"@id\":\"https:\\\/\\\/hetvishuis.be\\\/#\\\/schema\\\/logo\\\/image\\\/\"},\"sameAs\":[\"https:\\\/\\\/www.facebook.com\\\/hetvishuisbelgium\"]}]}<\/script>\n<!-- \/ Yoast SEO plugin. -->","yoast_head_json":{"title":"Leichtger\u00e4ucherter norwegischer Lachs | Het Vishuis","robots":{"index":"index","follow":"follow","max-snippet":"max-snippet:-1","max-image-preview":"max-image-preview:large","max-video-preview":"max-video-preview:-1"},"canonical":"https:\/\/hetvishuis.be\/de\/produkt\/leichtgeraucherter-norwegischer-lachs\/","og_locale":"de_DE","og_type":"article","og_title":"Leichtger\u00e4ucherter norwegischer Lachs | Het Vishuis","og_description":"Warmger\u00e4ucherter Lachs geh\u00f6rt in den meisten Fischgesch\u00e4ften zu den Klassikern. Die Seiten werden \u00fcber mehrere Stunden bearbeitet und anschlie\u00dfend bei hoher Temperatur ger\u00e4uchert. Das Ergebnis ist ein butterweicher Lachs mit einer festen, aromatischen Au\u00dfenseite.","og_url":"https:\/\/hetvishuis.be\/de\/produkt\/leichtgeraucherter-norwegischer-lachs\/","og_site_name":"Het Vishuis","article_publisher":"https:\/\/www.facebook.com\/hetvishuisbelgium","article_modified_time":"2024-04-19T12:57:45+00:00","og_image":[{"width":1000,"height":1000,"url":"https:\/\/hetvishuis.be\/wp-content\/uploads\/2022\/11\/warm-gerookte-noorse-zalm.webp","type":"image\/webp"}],"twitter_card":"summary_large_image","twitter_misc":{"Gesch\u00e4tzte Lesezeit":"1\u00a0Minute"},"schema":{"@context":"https:\/\/schema.org","@graph":[{"@type":"WebPage","@id":"https:\/\/hetvishuis.be\/de\/produkt\/leichtgeraucherter-norwegischer-lachs\/","url":"https:\/\/hetvishuis.be\/de\/produkt\/leichtgeraucherter-norwegischer-lachs\/","name":"Leichtger\u00e4ucherter norwegischer Lachs | Het Vishuis","isPartOf":{"@id":"https:\/\/hetvishuis.be\/#website"},"primaryImageOfPage":{"@id":"https:\/\/hetvishuis.be\/de\/produkt\/leichtgeraucherter-norwegischer-lachs\/#primaryimage"},"image":{"@id":"https:\/\/hetvishuis.be\/de\/produkt\/leichtgeraucherter-norwegischer-lachs\/#primaryimage"},"thumbnailUrl":"https:\/\/hetvishuis.be\/wp-content\/uploads\/2022\/11\/warm-gerookte-noorse-zalm.webp","datePublished":"2022-11-14T12:23:02+00:00","dateModified":"2024-04-19T12:57:45+00:00","breadcrumb":{"@id":"https:\/\/hetvishuis.be\/de\/produkt\/leichtgeraucherter-norwegischer-lachs\/#breadcrumb"},"inLanguage":"de","potentialAction":[{"@type":"ReadAction","target":["https:\/\/hetvishuis.be\/de\/produkt\/leichtgeraucherter-norwegischer-lachs\/"]}]},{"@type":"ImageObject","inLanguage":"de","@id":"https:\/\/hetvishuis.be\/de\/produkt\/leichtgeraucherter-norwegischer-lachs\/#primaryimage","url":"https:\/\/hetvishuis.be\/wp-content\/uploads\/2022\/11\/warm-gerookte-noorse-zalm.webp","contentUrl":"https:\/\/hetvishuis.be\/wp-content\/uploads\/2022\/11\/warm-gerookte-noorse-zalm.webp","width":1000,"height":1000},{"@type":"BreadcrumbList","@id":"https:\/\/hetvishuis.be\/de\/produkt\/leichtgeraucherter-norwegischer-lachs\/#breadcrumb","itemListElement":[{"@type":"ListItem","position":1,"name":"Home","item":"https:\/\/hetvishuis.be\/de\/home\/"},{"@type":"ListItem","position":2,"name":"Shop placeholder","item":"https:\/\/hetvishuis.be\/de\/shop-placeholder\/"},{"@type":"ListItem","position":3,"name":"Leichtger\u00e4ucherter norwegischer Lachs"}]},{"@type":"WebSite","@id":"https:\/\/hetvishuis.be\/#website","url":"https:\/\/hetvishuis.be\/","name":"Het Vishuis","description":"","publisher":{"@id":"https:\/\/hetvishuis.be\/#organization"},"potentialAction":[{"@type":"SearchAction","target":{"@type":"EntryPoint","urlTemplate":"https:\/\/hetvishuis.be\/?s={search_term_string}"},"query-input":{"@type":"PropertyValueSpecification","valueRequired":true,"valueName":"search_term_string"}}],"inLanguage":"de"},{"@type":"Organization","@id":"https:\/\/hetvishuis.be\/#organization","name":"Het Vishuis","url":"https:\/\/hetvishuis.be\/","logo":{"@type":"ImageObject","inLanguage":"de","@id":"https:\/\/hetvishuis.be\/#\/schema\/logo\/image\/","url":"https:\/\/hetvishuis.be\/wp-content\/uploads\/2022\/09\/het-vishuis-logo-nw.svg","contentUrl":"https:\/\/hetvishuis.be\/wp-content\/uploads\/2022\/09\/het-vishuis-logo-nw.svg","width":512,"height":512,"caption":"Het Vishuis"},"image":{"@id":"https:\/\/hetvishuis.be\/#\/schema\/logo\/image\/"},"sameAs":["https:\/\/www.facebook.com\/hetvishuisbelgium"]}]}},"_links":{"self":[{"href":"https:\/\/hetvishuis.be\/de\/wp-json\/wp\/v2\/product\/1879","targetHints":{"allow":["GET"]}}],"collection":[{"href":"https:\/\/hetvishuis.be\/de\/wp-json\/wp\/v2\/product"}],"about":[{"href":"https:\/\/hetvishuis.be\/de\/wp-json\/wp\/v2\/types\/product"}],"replies":[{"embeddable":true,"href":"https:\/\/hetvishuis.be\/de\/wp-json\/wp\/v2\/comments?post=1879"}],"wp:featuredmedia":[{"embeddable":true,"href":"https:\/\/hetvishuis.be\/de\/wp-json\/wp\/v2\/media\/1815"}],"wp:attachment":[{"href":"https:\/\/hetvishuis.be\/de\/wp-json\/wp\/v2\/media?parent=1879"}],"wp:term":[{"taxonomy":"product_brand","embeddable":true,"href":"https:\/\/hetvishuis.be\/de\/wp-json\/wp\/v2\/product_brand?post=1879"},{"taxonomy":"product_cat","embeddable":true,"href":"https:\/\/hetvishuis.be\/de\/wp-json\/wp\/v2\/product_cat?post=1879"},{"taxonomy":"product_tag","embeddable":true,"href":"https:\/\/hetvishuis.be\/de\/wp-json\/wp\/v2\/product_tag?post=1879"}],"curies":[{"name":"wp","href":"https:\/\/api.w.org\/{rel}","templated":true}]}}