{"id":2106,"date":"2022-10-07T12:58:04","date_gmt":"2022-10-07T12:58:04","guid":{"rendered":"https:\/\/hetvishuis.be\/datenschutzerklaerung\/"},"modified":"2023-03-02T13:05:57","modified_gmt":"2023-03-02T13:05:57","slug":"datenschutzerklaerung","status":"publish","type":"page","link":"https:\/\/hetvishuis.be\/de\/datenschutzerklaerung\/","title":{"rendered":"Datenschutzerkl\u00e4rung"},"content":{"rendered":"\t\t<div data-elementor-type=\"wp-page\" data-elementor-id=\"2106\" class=\"elementor elementor-2106 elementor-884\" data-elementor-post-type=\"page\">\n\t\t\t\t\t\t<section class=\"ob-is-breaking-bad elementor-section elementor-top-section elementor-element elementor-element-36ec00d elementor-section-boxed elementor-section-height-default elementor-section-height-default\" data-id=\"36ec00d\" data-element_type=\"section\" data-e-type=\"section\" data-settings=\"{&quot;background_background&quot;:&quot;classic&quot;,&quot;_ob_bbad_use_it&quot;:&quot;yes&quot;,&quot;_ob_bbad_sssic_use&quot;:&quot;no&quot;,&quot;_ob_glider_is_slider&quot;:&quot;no&quot;}\">\n\t\t\t\t\t\t\t<div class=\"elementor-background-overlay\"><\/div>\n\t\t\t\t\t\t\t<div class=\"elementor-container elementor-column-gap-default\">\n\t\t\t\t\t<div class=\"elementor-column elementor-col-100 elementor-top-column elementor-element elementor-element-347f855\" data-id=\"347f855\" data-element_type=\"column\" data-e-type=\"column\" data-settings=\"{&quot;_ob_bbad_is_stalker&quot;:&quot;no&quot;,&quot;_ob_teleporter_use&quot;:false,&quot;_ob_column_hoveranimator&quot;:&quot;no&quot;,&quot;_ob_column_has_pseudo&quot;:&quot;no&quot;}\">\n\t\t\t<div class=\"elementor-widget-wrap elementor-element-populated\">\n\t\t\t\t\t\t<div class=\"elementor-element elementor-element-a0981c0 animated-slow ob-harakiri-inherit elementor-invisible ob-has-background-overlay elementor-widget elementor-widget-heading\" data-id=\"a0981c0\" data-element_type=\"widget\" data-e-type=\"widget\" data-settings=\"{&quot;_animation&quot;:&quot;fadeIn&quot;,&quot;_animation_delay&quot;:250,&quot;_ob_use_harakiri&quot;:&quot;yes&quot;,&quot;_ob_harakiri_writing_mode&quot;:&quot;inherit&quot;,&quot;_ob_harakiri_text_clip&quot;:&quot;none&quot;,&quot;_ob_perspektive_use&quot;:&quot;no&quot;,&quot;_ob_poopart_use&quot;:&quot;yes&quot;,&quot;_ob_shadough_use&quot;:&quot;no&quot;,&quot;_ob_allow_hoveranimator&quot;:&quot;no&quot;,&quot;_ob_widget_stalker_use&quot;:&quot;no&quot;}\" data-widget_type=\"heading.default\">\n\t\t\t\t<div class=\"elementor-widget-container\">\n\t\t\t\t\t<h3 class=\"elementor-heading-title elementor-size-default\">Datenschutzerkl\u00e4rung<\/h3>\t\t\t\t<\/div>\n\t\t\t\t<\/div>\n\t\t\t\t<div class=\"elementor-element elementor-element-71168d1 elementor-toc--minimized-on-tablet ob-has-background-overlay elementor-widget elementor-widget-table-of-contents\" data-id=\"71168d1\" data-element_type=\"widget\" data-e-type=\"widget\" data-settings=\"{&quot;headings_by_tags&quot;:[&quot;h4&quot;],&quot;exclude_headings_by_selector&quot;:[],&quot;marker_view&quot;:&quot;bullets&quot;,&quot;icon&quot;:{&quot;value&quot;:&quot;&quot;,&quot;library&quot;:&quot;&quot;},&quot;no_headings_message&quot;:&quot;Es wurden keine \\u00dcberschriften auf dieser Seite gefunden.&quot;,&quot;minimize_box&quot;:&quot;yes&quot;,&quot;minimized_on&quot;:&quot;tablet&quot;,&quot;hierarchical_view&quot;:&quot;yes&quot;,&quot;min_height&quot;:{&quot;unit&quot;:&quot;px&quot;,&quot;size&quot;:&quot;&quot;,&quot;sizes&quot;:[]},&quot;min_height_tablet&quot;:{&quot;unit&quot;:&quot;px&quot;,&quot;size&quot;:&quot;&quot;,&quot;sizes&quot;:[]},&quot;min_height_mobile&quot;:{&quot;unit&quot;:&quot;px&quot;,&quot;size&quot;:&quot;&quot;,&quot;sizes&quot;:[]},&quot;_ob_perspektive_use&quot;:&quot;no&quot;,&quot;_ob_poopart_use&quot;:&quot;yes&quot;,&quot;_ob_shadough_use&quot;:&quot;no&quot;,&quot;_ob_allow_hoveranimator&quot;:&quot;no&quot;,&quot;_ob_widget_stalker_use&quot;:&quot;no&quot;}\" data-widget_type=\"table-of-contents.default\">\n\t\t\t\t<div class=\"elementor-widget-container\">\n\t\t\t\t\t\t\t\t\t<div class=\"elementor-toc__header\">\n\t\t\t\t\t\t<h4 class=\"elementor-toc__header-title\">\n\t\t\t\tDirekt zu:\t\t\t<\/h4>\n\t\t\t\t\t\t\t\t\t\t<div class=\"elementor-toc__toggle-button elementor-toc__toggle-button--expand\" role=\"button\" tabindex=\"0\" aria-controls=\"elementor-toc__71168d1\" aria-expanded=\"true\" aria-label=\"Inhaltsverzeichnis \u00f6ffnen\"><svg xmlns=\"http:\/\/www.w3.org\/2000\/svg\" xmlns:xlink=\"http:\/\/www.w3.org\/1999\/xlink\" id=\"Laag_1\" x=\"0px\" y=\"0px\" viewBox=\"0 0 100 100\" style=\"enable-background:new 0 0 100 100;\" xml:space=\"preserve\"><polygon points=\"81.7,68.3 76.5,63.2 53.6,86.1 53.6,0 46.4,0 46.4,86.1 23.5,63.2 18.3,68.3 50,100 \"><\/polygon><\/svg><\/div>\n\t\t\t\t<div class=\"elementor-toc__toggle-button elementor-toc__toggle-button--collapse\" role=\"button\" tabindex=\"0\" aria-controls=\"elementor-toc__71168d1\" aria-expanded=\"true\" aria-label=\"Inhaltsverzeichnis schlie\u00dfen\"><svg xmlns=\"http:\/\/www.w3.org\/2000\/svg\" xmlns:xlink=\"http:\/\/www.w3.org\/1999\/xlink\" id=\"Laag_1\" x=\"0px\" y=\"0px\" viewBox=\"0 0 100 100\" style=\"enable-background:new 0 0 100 100;\" xml:space=\"preserve\"><polygon points=\"18.3,31.7 23.5,36.8 46.4,13.9 46.4,100 53.6,100 53.6,13.9 76.5,36.8 81.7,31.7 50,0 \"><\/polygon><\/svg><\/div>\n\t\t\t\t\t<\/div>\n\t\t\t\t<div id=\"elementor-toc__71168d1\" class=\"elementor-toc__body\">\n\t\t\t<div class=\"elementor-toc__spinner-container\">\n\t\t\t\t<i class=\"elementor-toc__spinner eicon-animation-spin eicon-loading\" aria-hidden=\"true\"><\/i>\t\t\t<\/div>\n\t\t<\/div>\n\t\t\t\t\t\t<\/div>\n\t\t\t\t<\/div>\n\t\t\t\t<div class=\"elementor-element elementor-element-eee2920 ob-harakiri-inherit ob-has-background-overlay elementor-widget elementor-widget-text-editor\" data-id=\"eee2920\" data-element_type=\"widget\" data-e-type=\"widget\" data-settings=\"{&quot;_ob_use_harakiri&quot;:&quot;yes&quot;,&quot;_ob_harakiri_writing_mode&quot;:&quot;inherit&quot;,&quot;_ob_postman_use&quot;:&quot;no&quot;,&quot;_ob_perspektive_use&quot;:&quot;no&quot;,&quot;_ob_poopart_use&quot;:&quot;yes&quot;,&quot;_ob_shadough_use&quot;:&quot;no&quot;,&quot;_ob_allow_hoveranimator&quot;:&quot;no&quot;,&quot;_ob_widget_stalker_use&quot;:&quot;no&quot;}\" data-widget_type=\"text-editor.default\">\n\t\t\t\t<div class=\"elementor-widget-container\">\n\t\t\t\t\t\t\t\t\t<h4>Personenbezogene Daten, die verarbeitet werden k\u00f6nnen<\/h4>\n<p>Het Vishuis kann nachstehende personenbezogene Daten, die im Rahmen der Ausf\u00fchrung der Gesch\u00e4ftst\u00e4tigkeiten erhalten wurden, verarbeiten. Diese personenbezogenen Daten werden von der betroffenen Person oder ihren Angestellten entweder direkt bzw. durch Ausf\u00fcllen eines Kontaktformulars auf der Website oder \u00fcber \u00f6ffentlich zug\u00e4ngliche Quellen erhalten und umfassen m\u00f6glicherweise:<\/p>\n<ul>\n<li>Vor- und Familienname<\/li>\n<li>Adresse<\/li>\n<li>Geburtsort und -datum<\/li>\n<li>Geschlecht<\/li>\n<li>Telefonnummer<\/li>\n<li>Landesvorwahl<\/li>\n<li>E-Mail-Adresse<\/li>\n<li>Kontonummer<\/li>\n<li>Unternehmens-ID<\/li>\n<li>Umsatzsteueridentifikationsnummer<\/li>\n<li>IP-Adresse<\/li>\n<li>Foto<\/li>\n<\/ul>\n<h4>Verarbeitungszweck<\/h4>\n<p>Het Vishuis verarbeitet diese personenbezogenen Daten zum Zwecke des Erreichens seiner Unternehmensziele:<\/p>\n<p>Im Besonderen das Betreiben von Gro\u00df- und Einzelhandel mit Fisch, Schalen- und Krustentieren, Tiefk\u00fchlprodukten, Zubeh\u00f6r und Saucen, sowohl frisch als auch ger\u00e4uchert, getrocknet, gesalzen, eingelegt und gebraten.<\/p>\n<p>Die personenbezogenen Daten sind zur Erf\u00fcllung der von Het Vishuis mit seinen Kunden, Mitarbeitern und Lieferanten geschlossenen Vertr\u00e4ge und zum F\u00fchren einer korrekten Administration und einer optimalen Unternehmensverwaltung n\u00f6tig. Personenbezogene Daten von Mitarbeitern (Angestellte oder Selbstst\u00e4ndige), die im Rahmen der Zusammenarbeit verarbeitet werden, sind zudem f\u00fcr die Erf\u00fcllung sozial- und steuerrechtlicher Pflichten von Het Vishuis erforderlich.<br \/>Speicherfrist<\/p>\n<p>Die personenbezogenen Daten, \u00fcber die Het Vishuis verf\u00fcgt, werden vorbehaltlich anderer, abweichender rechtlicher Verpflichtungen nicht l\u00e4nger gespeichert, als f\u00fcr das Erreichen des Zwecks, f\u00fcr den sie erhoben werden, n\u00f6tig ist.<\/p>\n<h4>Vertraulichkeit<\/h4>\n<p>Die personenbezogenen Daten, \u00fcber die Het Vishuis verf\u00fcgt, werden vorbehaltlich Einwilligung der betroffenen Person nicht Dritten \u00fcbermittelt, es sei denn, dies ist zur Erf\u00fcllung von mit Kunden oder Mitarbeitern geschlossenen Vertr\u00e4gen oder zur Erf\u00fcllung rechtlicher Verpflichtungen notwendig.<br \/>Analyse der Websitebesuche<\/p>\n<p>Het Vishuis erfasst \u00fcber die Nutzung seiner Website allgemeine Besuchsdaten, darunter die IP-Adresse Ihres Computers. Die Analyse dieser Daten, die \u00fcber Cookies erhalten werden k\u00f6nnen, wird einzig und allein zur Verbesserung unserer Kommunikation und Dienstleistungen verwendet. Diese Daten werden m\u00f6glichst anonymisiert und keinesfalls Dritten zur Verf\u00fcgung gestellt.<\/p>\n<h4>Google Analytics<\/h4>\n<p>Ausschlie\u00dflich um das Ranking und die Nutzung der Website zu \u00fcberblicken, nutzt Het Vishuis Google Analytics.<\/p>\n<p>Die Datenschutzbestimmungen von Google Analytics finden Sie unter dem folgenden Link:<br \/><a href=\"https:\/\/policies.google.com\/privacy\">https:\/\/policies.google.com\/privacy<\/a><\/p>\n<p>Google Analytics kann diese Daten Dritten zur Verf\u00fcgung stellen, sofern diese Dritten die Daten im Auftrag von Google Analytics verarbeiten oder Google Analytics gesetzlich dazu verpflichtet ist.<\/p>\n<h4>Rechte von betroffenen Personen<\/h4>\n<p>Jede betroffene Person hat das Recht, Auskunft \u00fcber die von Het Vishuis von ihr verarbeiteten Daten zu erhalten, eine Kopie anzufordern, sie berichtigen oder l\u00f6schen zu lassen. Ein entsprechender Antrag muss an Het Vishuis gerichtet werden, wonach dem innerhalb eines Monats Folge geleistet wird.<\/p>\n<h4>Sicherheit<\/h4>\n<p>Het Vishuis geht mit den personenbezogenen Daten, die verarbeitet werden, verantwortungsbewusst um und hat geeignete Ma\u00dfnahmen im Hinblick auf die Sicherheit der Daten in Bezug auf Verlust, Diebstahl oder irgendeine andere unrechtm\u00e4\u00dfige Verwendung dieser Daten ergriffen.<\/p>\n<p>Sollten Sie Fragen zur Verarbeitung Ihrer personenbezogenen Daten durch Het Vishuis haben, wenden Sie sich bitte an:<\/p>\n<p><strong>Het Vishuis BV<\/strong><br \/>Adresse: Putten 47, B-2320 Hoogstraten (Belgien)<br \/>HRB: BE 0822.071.436<br \/>Tel: +32 (0) 477 39 30 73 (B)<br \/>+32 (0) 3 297 23 36 (B)<br \/>e-mail: <a href=\"mailto:info@hetvishuis.be\">info@hetvishuis.be<\/a><br \/>Website: <a href=\"https:\/\/hetvishuis.be\/de\/\">www.hetvishuis.be<\/a><\/p>\n\t\t\t\t\t\t\t\t<\/div>\n\t\t\t\t<\/div>\n\t\t\t\t\t<\/div>\n\t\t<\/div>\n\t\t\t\t\t<\/div>\n\t\t<\/section>\n\t\t\t\t<\/div>\n\t\t","protected":false},"excerpt":{"rendered":"<p>Datenschutzerkl\u00e4rung Direkt zu: Personenbezogene Daten, die verarbeitet werden k\u00f6nnen Het Vishuis kann nachstehende personenbezogene Daten, die im Rahmen der Ausf\u00fchrung der Gesch\u00e4ftst\u00e4tigkeiten erhalten wurden, verarbeiten. Diese personenbezogenen Daten werden von der betroffenen Person oder ihren Angestellten entweder direkt bzw. durch Ausf\u00fcllen eines Kontaktformulars auf der Website oder \u00fcber \u00f6ffentlich zug\u00e4ngliche Quellen erhalten und umfassen m\u00f6glicherweise: [&hellip;]<\/p>\n","protected":false},"author":2,"featured_media":0,"parent":0,"menu_order":23,"comment_status":"closed","ping_status":"closed","template":"","meta":{"_acf_changed":false,"footnotes":""},"class_list":["post-2106","page","type-page","status-publish","hentry"],"acf":[],"yoast_head":"<!-- This site is optimized with the Yoast SEO plugin v27.3 - https:\/\/yoast.com\/product\/yoast-seo-wordpress\/ -->\n<title>Datenschutzerkl\u00e4rung | Het Vishuis<\/title>\n<meta name=\"robots\" content=\"index, follow, max-snippet:-1, max-image-preview:large, max-video-preview:-1\" \/>\n<link rel=\"canonical\" href=\"https:\/\/hetvishuis.be\/de\/datenschutzerklaerung\/\" \/>\n<meta property=\"og:locale\" content=\"de_DE\" \/>\n<meta property=\"og:type\" content=\"article\" \/>\n<meta property=\"og:title\" content=\"Datenschutzerkl\u00e4rung | Het Vishuis\" \/>\n<meta property=\"og:description\" content=\"Datenschutzerkl\u00e4rung Direkt zu: Personenbezogene Daten, die verarbeitet werden k\u00f6nnen Het Vishuis kann nachstehende personenbezogene Daten, die im Rahmen der Ausf\u00fchrung der Gesch\u00e4ftst\u00e4tigkeiten erhalten wurden, verarbeiten. Diese personenbezogenen Daten werden von der betroffenen Person oder ihren Angestellten entweder direkt bzw. durch Ausf\u00fcllen eines Kontaktformulars auf der Website oder \u00fcber \u00f6ffentlich zug\u00e4ngliche Quellen erhalten und umfassen m\u00f6glicherweise: [&hellip;]\" \/>\n<meta property=\"og:url\" content=\"https:\/\/hetvishuis.be\/de\/datenschutzerklaerung\/\" \/>\n<meta property=\"og:site_name\" content=\"Het Vishuis\" \/>\n<meta property=\"article:publisher\" content=\"https:\/\/www.facebook.com\/hetvishuisbelgium\" \/>\n<meta property=\"article:modified_time\" content=\"2023-03-02T13:05:57+00:00\" \/>\n<meta property=\"og:image\" content=\"https:\/\/hetvishuis.be\/wp-content\/uploads\/2022\/10\/bg-rokerij-1-scaled.webp\" \/>\n\t<meta property=\"og:image:width\" content=\"2560\" \/>\n\t<meta property=\"og:image:height\" content=\"1707\" \/>\n\t<meta property=\"og:image:type\" content=\"image\/webp\" \/>\n<meta name=\"twitter:card\" content=\"summary_large_image\" \/>\n<meta name=\"twitter:label1\" content=\"Gesch\u00e4tzte Lesezeit\" \/>\n\t<meta name=\"twitter:data1\" content=\"3\u00a0Minuten\" \/>\n<script type=\"application\/ld+json\" class=\"yoast-schema-graph\">{\"@context\":\"https:\\\/\\\/schema.org\",\"@graph\":[{\"@type\":\"WebPage\",\"@id\":\"https:\\\/\\\/hetvishuis.be\\\/de\\\/datenschutzerklaerung\\\/\",\"url\":\"https:\\\/\\\/hetvishuis.be\\\/de\\\/datenschutzerklaerung\\\/\",\"name\":\"Datenschutzerkl\u00e4rung | Het Vishuis\",\"isPartOf\":{\"@id\":\"https:\\\/\\\/hetvishuis.be\\\/#website\"},\"datePublished\":\"2022-10-07T12:58:04+00:00\",\"dateModified\":\"2023-03-02T13:05:57+00:00\",\"breadcrumb\":{\"@id\":\"https:\\\/\\\/hetvishuis.be\\\/de\\\/datenschutzerklaerung\\\/#breadcrumb\"},\"inLanguage\":\"de\",\"potentialAction\":[{\"@type\":\"ReadAction\",\"target\":[\"https:\\\/\\\/hetvishuis.be\\\/de\\\/datenschutzerklaerung\\\/\"]}]},{\"@type\":\"BreadcrumbList\",\"@id\":\"https:\\\/\\\/hetvishuis.be\\\/de\\\/datenschutzerklaerung\\\/#breadcrumb\",\"itemListElement\":[{\"@type\":\"ListItem\",\"position\":1,\"name\":\"Home\",\"item\":\"https:\\\/\\\/hetvishuis.be\\\/de\\\/home\\\/\"},{\"@type\":\"ListItem\",\"position\":2,\"name\":\"Datenschutzerkl\u00e4rung\"}]},{\"@type\":\"WebSite\",\"@id\":\"https:\\\/\\\/hetvishuis.be\\\/#website\",\"url\":\"https:\\\/\\\/hetvishuis.be\\\/\",\"name\":\"Het Vishuis\",\"description\":\"\",\"publisher\":{\"@id\":\"https:\\\/\\\/hetvishuis.be\\\/#organization\"},\"potentialAction\":[{\"@type\":\"SearchAction\",\"target\":{\"@type\":\"EntryPoint\",\"urlTemplate\":\"https:\\\/\\\/hetvishuis.be\\\/?s={search_term_string}\"},\"query-input\":{\"@type\":\"PropertyValueSpecification\",\"valueRequired\":true,\"valueName\":\"search_term_string\"}}],\"inLanguage\":\"de\"},{\"@type\":\"Organization\",\"@id\":\"https:\\\/\\\/hetvishuis.be\\\/#organization\",\"name\":\"Het Vishuis\",\"url\":\"https:\\\/\\\/hetvishuis.be\\\/\",\"logo\":{\"@type\":\"ImageObject\",\"inLanguage\":\"de\",\"@id\":\"https:\\\/\\\/hetvishuis.be\\\/#\\\/schema\\\/logo\\\/image\\\/\",\"url\":\"https:\\\/\\\/hetvishuis.be\\\/wp-content\\\/uploads\\\/2022\\\/09\\\/het-vishuis-logo-nw.svg\",\"contentUrl\":\"https:\\\/\\\/hetvishuis.be\\\/wp-content\\\/uploads\\\/2022\\\/09\\\/het-vishuis-logo-nw.svg\",\"width\":512,\"height\":512,\"caption\":\"Het Vishuis\"},\"image\":{\"@id\":\"https:\\\/\\\/hetvishuis.be\\\/#\\\/schema\\\/logo\\\/image\\\/\"},\"sameAs\":[\"https:\\\/\\\/www.facebook.com\\\/hetvishuisbelgium\"]}]}<\/script>\n<!-- \/ Yoast SEO plugin. -->","yoast_head_json":{"title":"Datenschutzerkl\u00e4rung | Het Vishuis","robots":{"index":"index","follow":"follow","max-snippet":"max-snippet:-1","max-image-preview":"max-image-preview:large","max-video-preview":"max-video-preview:-1"},"canonical":"https:\/\/hetvishuis.be\/de\/datenschutzerklaerung\/","og_locale":"de_DE","og_type":"article","og_title":"Datenschutzerkl\u00e4rung | Het Vishuis","og_description":"Datenschutzerkl\u00e4rung Direkt zu: Personenbezogene Daten, die verarbeitet werden k\u00f6nnen Het Vishuis kann nachstehende personenbezogene Daten, die im Rahmen der Ausf\u00fchrung der Gesch\u00e4ftst\u00e4tigkeiten erhalten wurden, verarbeiten. Diese personenbezogenen Daten werden von der betroffenen Person oder ihren Angestellten entweder direkt bzw. durch Ausf\u00fcllen eines Kontaktformulars auf der Website oder \u00fcber \u00f6ffentlich zug\u00e4ngliche Quellen erhalten und umfassen m\u00f6glicherweise: [&hellip;]","og_url":"https:\/\/hetvishuis.be\/de\/datenschutzerklaerung\/","og_site_name":"Het Vishuis","article_publisher":"https:\/\/www.facebook.com\/hetvishuisbelgium","article_modified_time":"2023-03-02T13:05:57+00:00","og_image":[{"width":2560,"height":1707,"url":"https:\/\/hetvishuis.be\/wp-content\/uploads\/2022\/10\/bg-rokerij-1-scaled.webp","type":"image\/webp"}],"twitter_card":"summary_large_image","twitter_misc":{"Gesch\u00e4tzte Lesezeit":"3\u00a0Minuten"},"schema":{"@context":"https:\/\/schema.org","@graph":[{"@type":"WebPage","@id":"https:\/\/hetvishuis.be\/de\/datenschutzerklaerung\/","url":"https:\/\/hetvishuis.be\/de\/datenschutzerklaerung\/","name":"Datenschutzerkl\u00e4rung | Het Vishuis","isPartOf":{"@id":"https:\/\/hetvishuis.be\/#website"},"datePublished":"2022-10-07T12:58:04+00:00","dateModified":"2023-03-02T13:05:57+00:00","breadcrumb":{"@id":"https:\/\/hetvishuis.be\/de\/datenschutzerklaerung\/#breadcrumb"},"inLanguage":"de","potentialAction":[{"@type":"ReadAction","target":["https:\/\/hetvishuis.be\/de\/datenschutzerklaerung\/"]}]},{"@type":"BreadcrumbList","@id":"https:\/\/hetvishuis.be\/de\/datenschutzerklaerung\/#breadcrumb","itemListElement":[{"@type":"ListItem","position":1,"name":"Home","item":"https:\/\/hetvishuis.be\/de\/home\/"},{"@type":"ListItem","position":2,"name":"Datenschutzerkl\u00e4rung"}]},{"@type":"WebSite","@id":"https:\/\/hetvishuis.be\/#website","url":"https:\/\/hetvishuis.be\/","name":"Het Vishuis","description":"","publisher":{"@id":"https:\/\/hetvishuis.be\/#organization"},"potentialAction":[{"@type":"SearchAction","target":{"@type":"EntryPoint","urlTemplate":"https:\/\/hetvishuis.be\/?s={search_term_string}"},"query-input":{"@type":"PropertyValueSpecification","valueRequired":true,"valueName":"search_term_string"}}],"inLanguage":"de"},{"@type":"Organization","@id":"https:\/\/hetvishuis.be\/#organization","name":"Het Vishuis","url":"https:\/\/hetvishuis.be\/","logo":{"@type":"ImageObject","inLanguage":"de","@id":"https:\/\/hetvishuis.be\/#\/schema\/logo\/image\/","url":"https:\/\/hetvishuis.be\/wp-content\/uploads\/2022\/09\/het-vishuis-logo-nw.svg","contentUrl":"https:\/\/hetvishuis.be\/wp-content\/uploads\/2022\/09\/het-vishuis-logo-nw.svg","width":512,"height":512,"caption":"Het Vishuis"},"image":{"@id":"https:\/\/hetvishuis.be\/#\/schema\/logo\/image\/"},"sameAs":["https:\/\/www.facebook.com\/hetvishuisbelgium"]}]}},"_links":{"self":[{"href":"https:\/\/hetvishuis.be\/de\/wp-json\/wp\/v2\/pages\/2106","targetHints":{"allow":["GET"]}}],"collection":[{"href":"https:\/\/hetvishuis.be\/de\/wp-json\/wp\/v2\/pages"}],"about":[{"href":"https:\/\/hetvishuis.be\/de\/wp-json\/wp\/v2\/types\/page"}],"author":[{"embeddable":true,"href":"https:\/\/hetvishuis.be\/de\/wp-json\/wp\/v2\/users\/2"}],"replies":[{"embeddable":true,"href":"https:\/\/hetvishuis.be\/de\/wp-json\/wp\/v2\/comments?post=2106"}],"version-history":[{"count":1,"href":"https:\/\/hetvishuis.be\/de\/wp-json\/wp\/v2\/pages\/2106\/revisions"}],"predecessor-version":[{"id":2107,"href":"https:\/\/hetvishuis.be\/de\/wp-json\/wp\/v2\/pages\/2106\/revisions\/2107"}],"wp:attachment":[{"href":"https:\/\/hetvishuis.be\/de\/wp-json\/wp\/v2\/media?parent=2106"}],"curies":[{"name":"wp","href":"https:\/\/api.w.org\/{rel}","templated":true}]}}