{"id":2064,"date":"2022-10-07T12:54:18","date_gmt":"2022-10-07T12:54:18","guid":{"rendered":"https:\/\/hetvishuis.be\/haftungsausschluss\/"},"modified":"2023-02-17T12:12:13","modified_gmt":"2023-02-17T12:12:13","slug":"haftungsausschluss","status":"publish","type":"page","link":"https:\/\/hetvishuis.be\/de\/haftungsausschluss\/","title":{"rendered":"Haftungsausschluss"},"content":{"rendered":"\t\t<div data-elementor-type=\"wp-page\" data-elementor-id=\"2064\" class=\"elementor elementor-2064 elementor-878\" data-elementor-post-type=\"page\">\n\t\t\t\t\t\t<section class=\"ob-is-breaking-bad elementor-section elementor-top-section elementor-element elementor-element-36ec00d elementor-section-boxed elementor-section-height-default elementor-section-height-default\" data-id=\"36ec00d\" data-element_type=\"section\" data-e-type=\"section\" data-settings=\"{&quot;background_background&quot;:&quot;classic&quot;,&quot;_ob_bbad_use_it&quot;:&quot;yes&quot;,&quot;_ob_bbad_sssic_use&quot;:&quot;no&quot;,&quot;_ob_glider_is_slider&quot;:&quot;no&quot;}\">\n\t\t\t\t\t\t\t<div class=\"elementor-background-overlay\"><\/div>\n\t\t\t\t\t\t\t<div class=\"elementor-container elementor-column-gap-default\">\n\t\t\t\t\t<div class=\"elementor-column elementor-col-100 elementor-top-column elementor-element elementor-element-347f855\" data-id=\"347f855\" data-element_type=\"column\" data-e-type=\"column\" data-settings=\"{&quot;_ob_bbad_is_stalker&quot;:&quot;no&quot;,&quot;_ob_teleporter_use&quot;:false,&quot;_ob_column_hoveranimator&quot;:&quot;no&quot;,&quot;_ob_column_has_pseudo&quot;:&quot;no&quot;}\">\n\t\t\t<div class=\"elementor-widget-wrap elementor-element-populated\">\n\t\t\t\t\t\t<div class=\"elementor-element elementor-element-a0981c0 animated-slow ob-harakiri-inherit elementor-invisible ob-has-background-overlay elementor-widget elementor-widget-heading\" data-id=\"a0981c0\" data-element_type=\"widget\" data-e-type=\"widget\" data-settings=\"{&quot;_animation&quot;:&quot;fadeIn&quot;,&quot;_animation_delay&quot;:250,&quot;_ob_use_harakiri&quot;:&quot;yes&quot;,&quot;_ob_harakiri_writing_mode&quot;:&quot;inherit&quot;,&quot;_ob_harakiri_text_clip&quot;:&quot;none&quot;,&quot;_ob_perspektive_use&quot;:&quot;no&quot;,&quot;_ob_poopart_use&quot;:&quot;yes&quot;,&quot;_ob_shadough_use&quot;:&quot;no&quot;,&quot;_ob_allow_hoveranimator&quot;:&quot;no&quot;,&quot;_ob_widget_stalker_use&quot;:&quot;no&quot;}\" data-widget_type=\"heading.default\">\n\t\t\t\t<div class=\"elementor-widget-container\">\n\t\t\t\t\t<h3 class=\"elementor-heading-title elementor-size-default\">Haftungsausschluss<\/h3>\t\t\t\t<\/div>\n\t\t\t\t<\/div>\n\t\t\t\t<div class=\"elementor-element elementor-element-eee2920 ob-harakiri-inherit ob-has-background-overlay elementor-widget elementor-widget-text-editor\" data-id=\"eee2920\" data-element_type=\"widget\" data-e-type=\"widget\" data-settings=\"{&quot;_ob_use_harakiri&quot;:&quot;yes&quot;,&quot;_ob_harakiri_writing_mode&quot;:&quot;inherit&quot;,&quot;_ob_postman_use&quot;:&quot;no&quot;,&quot;_ob_perspektive_use&quot;:&quot;no&quot;,&quot;_ob_poopart_use&quot;:&quot;yes&quot;,&quot;_ob_shadough_use&quot;:&quot;no&quot;,&quot;_ob_allow_hoveranimator&quot;:&quot;no&quot;,&quot;_ob_widget_stalker_use&quot;:&quot;no&quot;}\" data-widget_type=\"text-editor.default\">\n\t\t\t\t<div class=\"elementor-widget-container\">\n\t\t\t\t\t\t\t\t\t<p>Auf dieser Seite finden Sie den Haftungsausschluss von <a href=\"https:\/\/hetvishuis.be\/de\/\">www.hetvishuis.be<\/a>, wie er von Het Vishuis zur Verf\u00fcgung gestellt wurde. In diesem Haftungsausschluss geben wir an, unter welchem Vorbehalt wir Ihnen die Informationen auf unserer Website zur Verf\u00fcgung stellen.<\/p>\n<h4>Geistiges Eigentum<\/h4>\n<p>Die Nutzung der Informationen auf dieser Website ist kostenlos, solange Sie diese nicht kopieren, verbreiten oder anderweitig nutzen oder missbrauchen. Sie d\u00fcrfen die Informationen von dieser Website nur in \u00dcbereinstimmung mit den Bestimmungen des unabdingbaren Rechts weiterverwenden.<\/p>\n<p>Ohne ausdr\u00fcckliche schriftliche Zustimmung von Het Vishuis ist die anderweitige Verwendung von Text-, Foto- oder anderen Materialien dieser Website nicht gestattet. Das geistige Eigentum liegt bei Het Vishuis.<\/p>\n<h4>Keine Garantie f\u00fcr die Richtigkeit<\/h4>\n<p>Bei den auf unserer Website angegebenen Preisen bem\u00fchen wir uns, die Realit\u00e4t und die beabsichtigten Preise so sorgf\u00e4ltig wie m\u00f6glich wiederzugeben. Fehler, die dabei auftreten und als Programmier- oder Tippfehler erkennbar sind, stellen niemals einen Grund dar, einen Vertrag oder eine Vereinbarung mit Het Vishuis zu fordern oder vorauszusetzen.<\/p>\n<p>Het Vishuis bem\u00fcht sich, seine Website so aktuell wie m\u00f6glich zu halten. Sollten trotz dieser Bem\u00fchungen die Informationen oder Inhalte auf dieser Website unvollst\u00e4ndig und\/oder fehlerhaft sein, so k\u00f6nnen wir keine Haftung \u00fcbernehmen.<\/p>\n<p>Die Informationen und\/oder Produkte auf dieser Website werden ohne jegliche Garantie und ohne Anspruch auf Richtigkeit angeboten. Wir behalten uns das Recht vor, diese Materialien ohne vorherige Ank\u00fcndigung zu \u00e4ndern, zu l\u00f6schen oder neu einzustellen. Het Vishuis \u00fcbernimmt keine Haftung f\u00fcr Informationen, auf die wir \u00fcber Hyperlinks verweisen.<\/p>\n<h4>\u00c4nderungen<\/h4>\n<p>Sollte sich dieser Haftungsausschluss \u00e4ndern, so finden Sie die aktuellste Version des Haftungsausschlusses von <a href=\"https:\/\/hetvishuis.be\/de\/\">www.hetvishuis.be<\/a> auf dieser Seite.<\/p>\n\t\t\t\t\t\t\t\t<\/div>\n\t\t\t\t<\/div>\n\t\t\t\t\t<\/div>\n\t\t<\/div>\n\t\t\t\t\t<\/div>\n\t\t<\/section>\n\t\t\t\t<\/div>\n\t\t","protected":false},"excerpt":{"rendered":"<p>Haftungsausschluss Auf dieser Seite finden Sie den Haftungsausschluss von www.hetvishuis.be, wie er von Het Vishuis zur Verf\u00fcgung gestellt wurde. In diesem Haftungsausschluss geben wir an, unter welchem Vorbehalt wir Ihnen die Informationen auf unserer Website zur Verf\u00fcgung stellen. Geistiges Eigentum Die Nutzung der Informationen auf dieser Website ist kostenlos, solange Sie diese nicht kopieren, verbreiten [&hellip;]<\/p>\n","protected":false},"author":2,"featured_media":0,"parent":0,"menu_order":22,"comment_status":"closed","ping_status":"closed","template":"","meta":{"_acf_changed":false,"footnotes":""},"class_list":["post-2064","page","type-page","status-publish","hentry"],"acf":[],"yoast_head":"<!-- This site is optimized with the Yoast SEO plugin v27.3 - https:\/\/yoast.com\/product\/yoast-seo-wordpress\/ -->\n<title>Haftungsausschluss | Het Vishuis<\/title>\n<meta name=\"robots\" content=\"index, follow, max-snippet:-1, max-image-preview:large, max-video-preview:-1\" \/>\n<link rel=\"canonical\" href=\"https:\/\/hetvishuis.be\/de\/haftungsausschluss\/\" \/>\n<meta property=\"og:locale\" content=\"de_DE\" \/>\n<meta property=\"og:type\" content=\"article\" \/>\n<meta property=\"og:title\" content=\"Haftungsausschluss | Het Vishuis\" \/>\n<meta property=\"og:description\" content=\"Haftungsausschluss Auf dieser Seite finden Sie den Haftungsausschluss von www.hetvishuis.be, wie er von Het Vishuis zur Verf\u00fcgung gestellt wurde. In diesem Haftungsausschluss geben wir an, unter welchem Vorbehalt wir Ihnen die Informationen auf unserer Website zur Verf\u00fcgung stellen. Geistiges Eigentum Die Nutzung der Informationen auf dieser Website ist kostenlos, solange Sie diese nicht kopieren, verbreiten [&hellip;]\" \/>\n<meta property=\"og:url\" content=\"https:\/\/hetvishuis.be\/de\/haftungsausschluss\/\" \/>\n<meta property=\"og:site_name\" content=\"Het Vishuis\" \/>\n<meta property=\"article:publisher\" content=\"https:\/\/www.facebook.com\/hetvishuisbelgium\" \/>\n<meta property=\"article:modified_time\" content=\"2023-02-17T12:12:13+00:00\" \/>\n<meta property=\"og:image\" content=\"https:\/\/hetvishuis.be\/wp-content\/uploads\/2022\/10\/bg-rokerij-1-scaled.webp\" \/>\n\t<meta property=\"og:image:width\" content=\"2560\" \/>\n\t<meta property=\"og:image:height\" content=\"1707\" \/>\n\t<meta property=\"og:image:type\" content=\"image\/webp\" \/>\n<meta name=\"twitter:card\" content=\"summary_large_image\" \/>\n<meta name=\"twitter:label1\" content=\"Gesch\u00e4tzte Lesezeit\" \/>\n\t<meta name=\"twitter:data1\" content=\"1\u00a0Minute\" \/>\n<script type=\"application\/ld+json\" class=\"yoast-schema-graph\">{\"@context\":\"https:\\\/\\\/schema.org\",\"@graph\":[{\"@type\":\"WebPage\",\"@id\":\"https:\\\/\\\/hetvishuis.be\\\/de\\\/haftungsausschluss\\\/\",\"url\":\"https:\\\/\\\/hetvishuis.be\\\/de\\\/haftungsausschluss\\\/\",\"name\":\"Haftungsausschluss | Het Vishuis\",\"isPartOf\":{\"@id\":\"https:\\\/\\\/hetvishuis.be\\\/#website\"},\"datePublished\":\"2022-10-07T12:54:18+00:00\",\"dateModified\":\"2023-02-17T12:12:13+00:00\",\"breadcrumb\":{\"@id\":\"https:\\\/\\\/hetvishuis.be\\\/de\\\/haftungsausschluss\\\/#breadcrumb\"},\"inLanguage\":\"de\",\"potentialAction\":[{\"@type\":\"ReadAction\",\"target\":[\"https:\\\/\\\/hetvishuis.be\\\/de\\\/haftungsausschluss\\\/\"]}]},{\"@type\":\"BreadcrumbList\",\"@id\":\"https:\\\/\\\/hetvishuis.be\\\/de\\\/haftungsausschluss\\\/#breadcrumb\",\"itemListElement\":[{\"@type\":\"ListItem\",\"position\":1,\"name\":\"Home\",\"item\":\"https:\\\/\\\/hetvishuis.be\\\/de\\\/home\\\/\"},{\"@type\":\"ListItem\",\"position\":2,\"name\":\"Haftungsausschluss\"}]},{\"@type\":\"WebSite\",\"@id\":\"https:\\\/\\\/hetvishuis.be\\\/#website\",\"url\":\"https:\\\/\\\/hetvishuis.be\\\/\",\"name\":\"Het Vishuis\",\"description\":\"\",\"publisher\":{\"@id\":\"https:\\\/\\\/hetvishuis.be\\\/#organization\"},\"potentialAction\":[{\"@type\":\"SearchAction\",\"target\":{\"@type\":\"EntryPoint\",\"urlTemplate\":\"https:\\\/\\\/hetvishuis.be\\\/?s={search_term_string}\"},\"query-input\":{\"@type\":\"PropertyValueSpecification\",\"valueRequired\":true,\"valueName\":\"search_term_string\"}}],\"inLanguage\":\"de\"},{\"@type\":\"Organization\",\"@id\":\"https:\\\/\\\/hetvishuis.be\\\/#organization\",\"name\":\"Het Vishuis\",\"url\":\"https:\\\/\\\/hetvishuis.be\\\/\",\"logo\":{\"@type\":\"ImageObject\",\"inLanguage\":\"de\",\"@id\":\"https:\\\/\\\/hetvishuis.be\\\/#\\\/schema\\\/logo\\\/image\\\/\",\"url\":\"https:\\\/\\\/hetvishuis.be\\\/wp-content\\\/uploads\\\/2022\\\/09\\\/het-vishuis-logo-nw.svg\",\"contentUrl\":\"https:\\\/\\\/hetvishuis.be\\\/wp-content\\\/uploads\\\/2022\\\/09\\\/het-vishuis-logo-nw.svg\",\"width\":512,\"height\":512,\"caption\":\"Het Vishuis\"},\"image\":{\"@id\":\"https:\\\/\\\/hetvishuis.be\\\/#\\\/schema\\\/logo\\\/image\\\/\"},\"sameAs\":[\"https:\\\/\\\/www.facebook.com\\\/hetvishuisbelgium\"]}]}<\/script>\n<!-- \/ Yoast SEO plugin. -->","yoast_head_json":{"title":"Haftungsausschluss | Het Vishuis","robots":{"index":"index","follow":"follow","max-snippet":"max-snippet:-1","max-image-preview":"max-image-preview:large","max-video-preview":"max-video-preview:-1"},"canonical":"https:\/\/hetvishuis.be\/de\/haftungsausschluss\/","og_locale":"de_DE","og_type":"article","og_title":"Haftungsausschluss | Het Vishuis","og_description":"Haftungsausschluss Auf dieser Seite finden Sie den Haftungsausschluss von www.hetvishuis.be, wie er von Het Vishuis zur Verf\u00fcgung gestellt wurde. In diesem Haftungsausschluss geben wir an, unter welchem Vorbehalt wir Ihnen die Informationen auf unserer Website zur Verf\u00fcgung stellen. Geistiges Eigentum Die Nutzung der Informationen auf dieser Website ist kostenlos, solange Sie diese nicht kopieren, verbreiten [&hellip;]","og_url":"https:\/\/hetvishuis.be\/de\/haftungsausschluss\/","og_site_name":"Het Vishuis","article_publisher":"https:\/\/www.facebook.com\/hetvishuisbelgium","article_modified_time":"2023-02-17T12:12:13+00:00","og_image":[{"width":2560,"height":1707,"url":"https:\/\/hetvishuis.be\/wp-content\/uploads\/2022\/10\/bg-rokerij-1-scaled.webp","type":"image\/webp"}],"twitter_card":"summary_large_image","twitter_misc":{"Gesch\u00e4tzte Lesezeit":"1\u00a0Minute"},"schema":{"@context":"https:\/\/schema.org","@graph":[{"@type":"WebPage","@id":"https:\/\/hetvishuis.be\/de\/haftungsausschluss\/","url":"https:\/\/hetvishuis.be\/de\/haftungsausschluss\/","name":"Haftungsausschluss | Het Vishuis","isPartOf":{"@id":"https:\/\/hetvishuis.be\/#website"},"datePublished":"2022-10-07T12:54:18+00:00","dateModified":"2023-02-17T12:12:13+00:00","breadcrumb":{"@id":"https:\/\/hetvishuis.be\/de\/haftungsausschluss\/#breadcrumb"},"inLanguage":"de","potentialAction":[{"@type":"ReadAction","target":["https:\/\/hetvishuis.be\/de\/haftungsausschluss\/"]}]},{"@type":"BreadcrumbList","@id":"https:\/\/hetvishuis.be\/de\/haftungsausschluss\/#breadcrumb","itemListElement":[{"@type":"ListItem","position":1,"name":"Home","item":"https:\/\/hetvishuis.be\/de\/home\/"},{"@type":"ListItem","position":2,"name":"Haftungsausschluss"}]},{"@type":"WebSite","@id":"https:\/\/hetvishuis.be\/#website","url":"https:\/\/hetvishuis.be\/","name":"Het Vishuis","description":"","publisher":{"@id":"https:\/\/hetvishuis.be\/#organization"},"potentialAction":[{"@type":"SearchAction","target":{"@type":"EntryPoint","urlTemplate":"https:\/\/hetvishuis.be\/?s={search_term_string}"},"query-input":{"@type":"PropertyValueSpecification","valueRequired":true,"valueName":"search_term_string"}}],"inLanguage":"de"},{"@type":"Organization","@id":"https:\/\/hetvishuis.be\/#organization","name":"Het Vishuis","url":"https:\/\/hetvishuis.be\/","logo":{"@type":"ImageObject","inLanguage":"de","@id":"https:\/\/hetvishuis.be\/#\/schema\/logo\/image\/","url":"https:\/\/hetvishuis.be\/wp-content\/uploads\/2022\/09\/het-vishuis-logo-nw.svg","contentUrl":"https:\/\/hetvishuis.be\/wp-content\/uploads\/2022\/09\/het-vishuis-logo-nw.svg","width":512,"height":512,"caption":"Het Vishuis"},"image":{"@id":"https:\/\/hetvishuis.be\/#\/schema\/logo\/image\/"},"sameAs":["https:\/\/www.facebook.com\/hetvishuisbelgium"]}]}},"_links":{"self":[{"href":"https:\/\/hetvishuis.be\/de\/wp-json\/wp\/v2\/pages\/2064","targetHints":{"allow":["GET"]}}],"collection":[{"href":"https:\/\/hetvishuis.be\/de\/wp-json\/wp\/v2\/pages"}],"about":[{"href":"https:\/\/hetvishuis.be\/de\/wp-json\/wp\/v2\/types\/page"}],"author":[{"embeddable":true,"href":"https:\/\/hetvishuis.be\/de\/wp-json\/wp\/v2\/users\/2"}],"replies":[{"embeddable":true,"href":"https:\/\/hetvishuis.be\/de\/wp-json\/wp\/v2\/comments?post=2064"}],"version-history":[{"count":1,"href":"https:\/\/hetvishuis.be\/de\/wp-json\/wp\/v2\/pages\/2064\/revisions"}],"predecessor-version":[{"id":2065,"href":"https:\/\/hetvishuis.be\/de\/wp-json\/wp\/v2\/pages\/2064\/revisions\/2065"}],"wp:attachment":[{"href":"https:\/\/hetvishuis.be\/de\/wp-json\/wp\/v2\/media?parent=2064"}],"curies":[{"name":"wp","href":"https:\/\/api.w.org\/{rel}","templated":true}]}}