{"id":1891,"date":"2022-11-15T13:30:25","date_gmt":"2022-11-15T13:30:25","guid":{"rendered":"https:\/\/hetvishuis.be\/geschaeft\/"},"modified":"2025-10-24T08:55:13","modified_gmt":"2025-10-24T08:55:13","slug":"geschaeft","status":"publish","type":"page","link":"https:\/\/hetvishuis.be\/de\/geschaeft\/","title":{"rendered":"Gesch\u00e4ft"},"content":{"rendered":"\t\t<div data-elementor-type=\"wp-page\" data-elementor-id=\"1891\" class=\"elementor elementor-1891 elementor-1472\" data-elementor-post-type=\"page\">\n\t\t\t\t\t\t<section class=\"elementor-section elementor-top-section elementor-element elementor-element-36ec00d elementor-section-boxed elementor-section-height-default elementor-section-height-default\" data-id=\"36ec00d\" data-element_type=\"section\" data-e-type=\"section\" data-settings=\"{&quot;background_background&quot;:&quot;classic&quot;,&quot;_ob_glider_is_slider&quot;:&quot;no&quot;}\">\n\t\t\t\t\t\t\t<div class=\"elementor-background-overlay\"><\/div>\n\t\t\t\t\t\t\t<div class=\"elementor-container elementor-column-gap-default\">\n\t\t\t\t\t<div class=\"elementor-column elementor-col-100 elementor-top-column elementor-element elementor-element-347f855\" data-id=\"347f855\" data-element_type=\"column\" data-e-type=\"column\" data-settings=\"{&quot;_ob_bbad_is_stalker&quot;:&quot;no&quot;,&quot;_ob_teleporter_use&quot;:false,&quot;_ob_column_hoveranimator&quot;:&quot;no&quot;,&quot;_ob_column_has_pseudo&quot;:&quot;no&quot;}\">\n\t\t\t<div class=\"elementor-widget-wrap elementor-element-populated\">\n\t\t\t\t\t\t<div class=\"elementor-element elementor-element-a0981c0 animated-slow ob-harakiri-inherit elementor-invisible ob-has-background-overlay elementor-widget elementor-widget-heading\" data-id=\"a0981c0\" data-element_type=\"widget\" data-e-type=\"widget\" data-settings=\"{&quot;_animation&quot;:&quot;fadeIn&quot;,&quot;_animation_delay&quot;:250,&quot;_ob_use_harakiri&quot;:&quot;yes&quot;,&quot;_ob_harakiri_writing_mode&quot;:&quot;inherit&quot;,&quot;_ob_harakiri_text_clip&quot;:&quot;none&quot;,&quot;_ob_perspektive_use&quot;:&quot;no&quot;,&quot;_ob_poopart_use&quot;:&quot;yes&quot;,&quot;_ob_shadough_use&quot;:&quot;no&quot;,&quot;_ob_allow_hoveranimator&quot;:&quot;no&quot;,&quot;_ob_widget_stalker_use&quot;:&quot;no&quot;}\" data-widget_type=\"heading.default\">\n\t\t\t\t<div class=\"elementor-widget-container\">\n\t\t\t\t\t<h2 class=\"elementor-heading-title elementor-size-default\">Gesch\u00e4ft<\/h2>\t\t\t\t<\/div>\n\t\t\t\t<\/div>\n\t\t\t\t<div class=\"elementor-element elementor-element-eee2920 animated-slow elementor-invisible ob-has-background-overlay elementor-widget elementor-widget-text-editor\" data-id=\"eee2920\" data-element_type=\"widget\" data-e-type=\"widget\" data-settings=\"{&quot;_animation&quot;:&quot;fadeIn&quot;,&quot;_animation_delay&quot;:500,&quot;_ob_postman_use&quot;:&quot;no&quot;,&quot;_ob_perspektive_use&quot;:&quot;no&quot;,&quot;_ob_poopart_use&quot;:&quot;yes&quot;,&quot;_ob_shadough_use&quot;:&quot;no&quot;,&quot;_ob_allow_hoveranimator&quot;:&quot;no&quot;,&quot;_ob_widget_stalker_use&quot;:&quot;no&quot;}\" data-widget_type=\"text-editor.default\">\n\t\t\t\t<div class=\"elementor-widget-container\">\n\t\t\t\t\t\t\t\t\t<p>Im Geb\u00e4ude finden Sie unser Gesch\u00e4ft. Hier erhalten Sie alle Produkte direkt aus der R\u00e4ucherei, frisch und von h\u00f6chster Qualit\u00e4t. Gerne lassen wir Sie an unserer Leidenschaft teilhaben. Unser Ziel: der beste R\u00e4ucherlachs weit und breit. Nicht mehr und nicht weniger.<\/p>\n<p>Es kann passieren, dass nicht alle Produkte vorr\u00e4tig sind. Wir empfehlen eine Vorbestellung \u00fcber die Website. <span class=\"HwtZe\" lang=\"de\"><span class=\"jCAhz ChMk0b\"><span class=\"ryNqvb\">Bestellungen k\u00f6nnen w\u00e4hrend der Laden\u00f6ffnungszeiten donnerstags und freitags zwischen 13:00 und 15:30 Uhr abgeholt werden.<\/span><\/span><\/span><\/p>\t\t\t\t\t\t\t\t<\/div>\n\t\t\t\t<\/div>\n\t\t\t\t<div class=\"elementor-element elementor-element-fcd8507 animated-slow elementor-widget__width-auto elementor-invisible ob-has-background-overlay elementor-widget elementor-widget-button\" data-id=\"fcd8507\" data-element_type=\"widget\" data-e-type=\"widget\" data-settings=\"{&quot;_animation&quot;:&quot;fadeIn&quot;,&quot;_animation_delay&quot;:750,&quot;_ob_butterbutton_use_it&quot;:&quot;no&quot;,&quot;_ob_perspektive_use&quot;:&quot;no&quot;,&quot;_ob_poopart_use&quot;:&quot;yes&quot;,&quot;_ob_shadough_use&quot;:&quot;no&quot;,&quot;_ob_allow_hoveranimator&quot;:&quot;no&quot;,&quot;_ob_widget_stalker_use&quot;:&quot;no&quot;}\" data-widget_type=\"button.default\">\n\t\t\t\t<div class=\"elementor-widget-container\">\n\t\t\t\t\t\t\t\t\t<div class=\"elementor-button-wrapper\">\n\t\t\t\t\t<a class=\"elementor-button elementor-button-link elementor-size-md\" href=\"https:\/\/hetvishuis.be\/de\/sortiment\/\">\n\t\t\t\t\t\t<span class=\"elementor-button-content-wrapper\">\n\t\t\t\t\t\t<span class=\"elementor-button-icon\">\n\t\t\t\t<svg xmlns=\"http:\/\/www.w3.org\/2000\/svg\" xmlns:xlink=\"http:\/\/www.w3.org\/1999\/xlink\" id=\"Laag_1\" x=\"0px\" y=\"0px\" viewBox=\"0 0 100 100\" style=\"enable-background:new 0 0 100 100;\" xml:space=\"preserve\"><polygon points=\"68.3,18.3 63.2,23.5 86.1,46.4 0,46.4 0,53.6 86.1,53.6 63.2,76.5 68.3,81.7 100,50 \"><\/polygon><\/svg>\t\t\t<\/span>\n\t\t\t\t\t\t\t\t\t<span class=\"elementor-button-text\">Unser Sortiment<\/span>\n\t\t\t\t\t<\/span>\n\t\t\t\t\t<\/a>\n\t\t\t\t<\/div>\n\t\t\t\t\t\t\t\t<\/div>\n\t\t\t\t<\/div>\n\t\t\t\t<div class=\"elementor-element elementor-element-3c96818 animated-slow elementor-widget__width-auto elementor-invisible ob-has-background-overlay elementor-widget elementor-widget-button\" data-id=\"3c96818\" data-element_type=\"widget\" data-e-type=\"widget\" data-settings=\"{&quot;_animation&quot;:&quot;fadeIn&quot;,&quot;_animation_delay&quot;:750,&quot;_ob_butterbutton_use_it&quot;:&quot;no&quot;,&quot;_ob_perspektive_use&quot;:&quot;no&quot;,&quot;_ob_poopart_use&quot;:&quot;yes&quot;,&quot;_ob_shadough_use&quot;:&quot;no&quot;,&quot;_ob_allow_hoveranimator&quot;:&quot;no&quot;,&quot;_ob_widget_stalker_use&quot;:&quot;no&quot;}\" data-widget_type=\"button.default\">\n\t\t\t\t<div class=\"elementor-widget-container\">\n\t\t\t\t\t\t\t\t\t<div class=\"elementor-button-wrapper\">\n\t\t\t\t\t<a class=\"elementor-button elementor-button-link elementor-size-md\" href=\"https:\/\/hetvishuis.be\/de\/kontakt\/\">\n\t\t\t\t\t\t<span class=\"elementor-button-content-wrapper\">\n\t\t\t\t\t\t<span class=\"elementor-button-icon\">\n\t\t\t\t<svg xmlns=\"http:\/\/www.w3.org\/2000\/svg\" xmlns:xlink=\"http:\/\/www.w3.org\/1999\/xlink\" id=\"Laag_1\" x=\"0px\" y=\"0px\" viewBox=\"0 0 100 100\" style=\"enable-background:new 0 0 100 100;\" xml:space=\"preserve\"><polygon points=\"68.3,18.3 63.2,23.5 86.1,46.4 0,46.4 0,53.6 86.1,53.6 63.2,76.5 68.3,81.7 100,50 \"><\/polygon><\/svg>\t\t\t<\/span>\n\t\t\t\t\t\t\t\t\t<span class=\"elementor-button-text\">Kontaktieren Sie uns<\/span>\n\t\t\t\t\t<\/span>\n\t\t\t\t\t<\/a>\n\t\t\t\t<\/div>\n\t\t\t\t\t\t\t\t<\/div>\n\t\t\t\t<\/div>\n\t\t\t\t\t<\/div>\n\t\t<\/div>\n\t\t\t\t\t<\/div>\n\t\t<\/section>\n\t\t\t\t<\/div>\n\t\t","protected":false},"excerpt":{"rendered":"<p>Gesch\u00e4ft Im Geb\u00e4ude finden Sie unser Gesch\u00e4ft. Hier erhalten Sie alle Produkte direkt aus der R\u00e4ucherei, frisch und von h\u00f6chster Qualit\u00e4t. Gerne lassen wir Sie an unserer Leidenschaft teilhaben. Unser Ziel: der beste R\u00e4ucherlachs weit und breit. Nicht mehr und nicht weniger. Es kann passieren, dass nicht alle Produkte vorr\u00e4tig sind. Wir empfehlen eine Vorbestellung [&hellip;]<\/p>\n","protected":false},"author":2,"featured_media":0,"parent":0,"menu_order":5,"comment_status":"closed","ping_status":"closed","template":"","meta":{"_acf_changed":false,"footnotes":""},"class_list":["post-1891","page","type-page","status-publish","hentry"],"acf":[],"yoast_head":"<!-- This site is optimized with the Yoast SEO plugin v27.3 - https:\/\/yoast.com\/product\/yoast-seo-wordpress\/ -->\n<title>Gesch\u00e4ft | Het Vishuis<\/title>\n<meta name=\"robots\" content=\"index, follow, max-snippet:-1, max-image-preview:large, max-video-preview:-1\" \/>\n<link rel=\"canonical\" href=\"https:\/\/hetvishuis.be\/winkel\/\" \/>\n<meta property=\"og:locale\" content=\"de_DE\" \/>\n<meta property=\"og:type\" content=\"article\" \/>\n<meta property=\"og:title\" content=\"Gesch\u00e4ft | Het Vishuis\" \/>\n<meta property=\"og:description\" content=\"Gesch\u00e4ft Im Geb\u00e4ude finden Sie unser Gesch\u00e4ft. Hier erhalten Sie alle Produkte direkt aus der R\u00e4ucherei, frisch und von h\u00f6chster Qualit\u00e4t. Gerne lassen wir Sie an unserer Leidenschaft teilhaben. Unser Ziel: der beste R\u00e4ucherlachs weit und breit. Nicht mehr und nicht weniger. Es kann passieren, dass nicht alle Produkte vorr\u00e4tig sind. Wir empfehlen eine Vorbestellung [&hellip;]\" \/>\n<meta property=\"og:url\" content=\"https:\/\/hetvishuis.be\/winkel\/\" \/>\n<meta property=\"og:site_name\" content=\"Het Vishuis\" \/>\n<meta property=\"article:publisher\" content=\"https:\/\/www.facebook.com\/hetvishuisbelgium\" \/>\n<meta property=\"article:modified_time\" content=\"2025-10-24T08:55:13+00:00\" \/>\n<meta property=\"og:image\" content=\"https:\/\/hetvishuis.be\/wp-content\/uploads\/2022\/10\/bg-rokerij-1-scaled.webp\" \/>\n\t<meta property=\"og:image:width\" content=\"2560\" \/>\n\t<meta property=\"og:image:height\" content=\"1707\" \/>\n\t<meta property=\"og:image:type\" content=\"image\/webp\" \/>\n<meta name=\"twitter:card\" content=\"summary_large_image\" \/>\n<meta name=\"twitter:label1\" content=\"Gesch\u00e4tzte Lesezeit\" \/>\n\t<meta name=\"twitter:data1\" content=\"1\u00a0Minute\" \/>\n<script type=\"application\/ld+json\" class=\"yoast-schema-graph\">{\"@context\":\"https:\\\/\\\/schema.org\",\"@graph\":[{\"@type\":\"WebPage\",\"@id\":\"https:\\\/\\\/hetvishuis.be\\\/winkel\\\/\",\"url\":\"https:\\\/\\\/hetvishuis.be\\\/winkel\\\/\",\"name\":\"Gesch\u00e4ft | Het Vishuis\",\"isPartOf\":{\"@id\":\"https:\\\/\\\/hetvishuis.be\\\/#website\"},\"datePublished\":\"2022-11-15T13:30:25+00:00\",\"dateModified\":\"2025-10-24T08:55:13+00:00\",\"breadcrumb\":{\"@id\":\"https:\\\/\\\/hetvishuis.be\\\/winkel\\\/#breadcrumb\"},\"inLanguage\":\"de\",\"potentialAction\":[{\"@type\":\"ReadAction\",\"target\":[\"https:\\\/\\\/hetvishuis.be\\\/winkel\\\/\"]}]},{\"@type\":\"BreadcrumbList\",\"@id\":\"https:\\\/\\\/hetvishuis.be\\\/winkel\\\/#breadcrumb\",\"itemListElement\":[{\"@type\":\"ListItem\",\"position\":1,\"name\":\"Home\",\"item\":\"https:\\\/\\\/hetvishuis.be\\\/de\\\/home\\\/\"},{\"@type\":\"ListItem\",\"position\":2,\"name\":\"Gesch\u00e4ft\"}]},{\"@type\":\"WebSite\",\"@id\":\"https:\\\/\\\/hetvishuis.be\\\/#website\",\"url\":\"https:\\\/\\\/hetvishuis.be\\\/\",\"name\":\"Het Vishuis\",\"description\":\"\",\"publisher\":{\"@id\":\"https:\\\/\\\/hetvishuis.be\\\/#organization\"},\"potentialAction\":[{\"@type\":\"SearchAction\",\"target\":{\"@type\":\"EntryPoint\",\"urlTemplate\":\"https:\\\/\\\/hetvishuis.be\\\/?s={search_term_string}\"},\"query-input\":{\"@type\":\"PropertyValueSpecification\",\"valueRequired\":true,\"valueName\":\"search_term_string\"}}],\"inLanguage\":\"de\"},{\"@type\":\"Organization\",\"@id\":\"https:\\\/\\\/hetvishuis.be\\\/#organization\",\"name\":\"Het Vishuis\",\"url\":\"https:\\\/\\\/hetvishuis.be\\\/\",\"logo\":{\"@type\":\"ImageObject\",\"inLanguage\":\"de\",\"@id\":\"https:\\\/\\\/hetvishuis.be\\\/#\\\/schema\\\/logo\\\/image\\\/\",\"url\":\"https:\\\/\\\/hetvishuis.be\\\/wp-content\\\/uploads\\\/2022\\\/09\\\/het-vishuis-logo-nw.svg\",\"contentUrl\":\"https:\\\/\\\/hetvishuis.be\\\/wp-content\\\/uploads\\\/2022\\\/09\\\/het-vishuis-logo-nw.svg\",\"width\":512,\"height\":512,\"caption\":\"Het Vishuis\"},\"image\":{\"@id\":\"https:\\\/\\\/hetvishuis.be\\\/#\\\/schema\\\/logo\\\/image\\\/\"},\"sameAs\":[\"https:\\\/\\\/www.facebook.com\\\/hetvishuisbelgium\"]}]}<\/script>\n<!-- \/ Yoast SEO plugin. -->","yoast_head_json":{"title":"Gesch\u00e4ft | Het Vishuis","robots":{"index":"index","follow":"follow","max-snippet":"max-snippet:-1","max-image-preview":"max-image-preview:large","max-video-preview":"max-video-preview:-1"},"canonical":"https:\/\/hetvishuis.be\/winkel\/","og_locale":"de_DE","og_type":"article","og_title":"Gesch\u00e4ft | Het Vishuis","og_description":"Gesch\u00e4ft Im Geb\u00e4ude finden Sie unser Gesch\u00e4ft. Hier erhalten Sie alle Produkte direkt aus der R\u00e4ucherei, frisch und von h\u00f6chster Qualit\u00e4t. Gerne lassen wir Sie an unserer Leidenschaft teilhaben. Unser Ziel: der beste R\u00e4ucherlachs weit und breit. Nicht mehr und nicht weniger. Es kann passieren, dass nicht alle Produkte vorr\u00e4tig sind. Wir empfehlen eine Vorbestellung [&hellip;]","og_url":"https:\/\/hetvishuis.be\/winkel\/","og_site_name":"Het Vishuis","article_publisher":"https:\/\/www.facebook.com\/hetvishuisbelgium","article_modified_time":"2025-10-24T08:55:13+00:00","og_image":[{"width":2560,"height":1707,"url":"https:\/\/hetvishuis.be\/wp-content\/uploads\/2022\/10\/bg-rokerij-1-scaled.webp","type":"image\/webp"}],"twitter_card":"summary_large_image","twitter_misc":{"Gesch\u00e4tzte Lesezeit":"1\u00a0Minute"},"schema":{"@context":"https:\/\/schema.org","@graph":[{"@type":"WebPage","@id":"https:\/\/hetvishuis.be\/winkel\/","url":"https:\/\/hetvishuis.be\/winkel\/","name":"Gesch\u00e4ft | Het Vishuis","isPartOf":{"@id":"https:\/\/hetvishuis.be\/#website"},"datePublished":"2022-11-15T13:30:25+00:00","dateModified":"2025-10-24T08:55:13+00:00","breadcrumb":{"@id":"https:\/\/hetvishuis.be\/winkel\/#breadcrumb"},"inLanguage":"de","potentialAction":[{"@type":"ReadAction","target":["https:\/\/hetvishuis.be\/winkel\/"]}]},{"@type":"BreadcrumbList","@id":"https:\/\/hetvishuis.be\/winkel\/#breadcrumb","itemListElement":[{"@type":"ListItem","position":1,"name":"Home","item":"https:\/\/hetvishuis.be\/de\/home\/"},{"@type":"ListItem","position":2,"name":"Gesch\u00e4ft"}]},{"@type":"WebSite","@id":"https:\/\/hetvishuis.be\/#website","url":"https:\/\/hetvishuis.be\/","name":"Het Vishuis","description":"","publisher":{"@id":"https:\/\/hetvishuis.be\/#organization"},"potentialAction":[{"@type":"SearchAction","target":{"@type":"EntryPoint","urlTemplate":"https:\/\/hetvishuis.be\/?s={search_term_string}"},"query-input":{"@type":"PropertyValueSpecification","valueRequired":true,"valueName":"search_term_string"}}],"inLanguage":"de"},{"@type":"Organization","@id":"https:\/\/hetvishuis.be\/#organization","name":"Het Vishuis","url":"https:\/\/hetvishuis.be\/","logo":{"@type":"ImageObject","inLanguage":"de","@id":"https:\/\/hetvishuis.be\/#\/schema\/logo\/image\/","url":"https:\/\/hetvishuis.be\/wp-content\/uploads\/2022\/09\/het-vishuis-logo-nw.svg","contentUrl":"https:\/\/hetvishuis.be\/wp-content\/uploads\/2022\/09\/het-vishuis-logo-nw.svg","width":512,"height":512,"caption":"Het Vishuis"},"image":{"@id":"https:\/\/hetvishuis.be\/#\/schema\/logo\/image\/"},"sameAs":["https:\/\/www.facebook.com\/hetvishuisbelgium"]}]}},"_links":{"self":[{"href":"https:\/\/hetvishuis.be\/de\/wp-json\/wp\/v2\/pages\/1891","targetHints":{"allow":["GET"]}}],"collection":[{"href":"https:\/\/hetvishuis.be\/de\/wp-json\/wp\/v2\/pages"}],"about":[{"href":"https:\/\/hetvishuis.be\/de\/wp-json\/wp\/v2\/types\/page"}],"author":[{"embeddable":true,"href":"https:\/\/hetvishuis.be\/de\/wp-json\/wp\/v2\/users\/2"}],"replies":[{"embeddable":true,"href":"https:\/\/hetvishuis.be\/de\/wp-json\/wp\/v2\/comments?post=1891"}],"version-history":[{"count":12,"href":"https:\/\/hetvishuis.be\/de\/wp-json\/wp\/v2\/pages\/1891\/revisions"}],"predecessor-version":[{"id":2910,"href":"https:\/\/hetvishuis.be\/de\/wp-json\/wp\/v2\/pages\/1891\/revisions\/2910"}],"wp:attachment":[{"href":"https:\/\/hetvishuis.be\/de\/wp-json\/wp\/v2\/media?parent=1891"}],"curies":[{"name":"wp","href":"https:\/\/api.w.org\/{rel}","templated":true}]}}